{"id":2431,"date":"2021-12-29T17:03:58","date_gmt":"2021-12-29T17:03:58","guid":{"rendered":"https:\/\/aroucehostel.pt\/terms-and-conditions\/"},"modified":"2021-12-30T17:03:28","modified_gmt":"2021-12-30T17:03:28","slug":"terms-and-conditions","status":"publish","type":"page","link":"https:\/\/aroucehostel.pt\/en\/terms-and-conditions\/","title":{"rendered":"Terms and Conditions"},"content":{"rendered":"<p>[vc_row][vc_column][vc_column_text]<strong>Reservations<\/strong><br \/>\nReservations can be made through our website, a reservation site, by phone or email.<br \/>\nAt the time of booking, 50% of the total value of the stay is charged.<br \/>\nThe values of the stay do not include tourist taxes.<br \/>\nExclusive group policies may apply for reservations over 6 people.<\/p>\n<p><strong>Cancellation Policies<\/strong><br \/>\nIf the cancellation is made up to 48 hours before the reservation, the amount already paid will be refunded.<br \/>\nIf cancellation occurs less than 48 hours before the reservation, 50% of the total amount of the reservation will be charged.<\/p>\n<p><strong>Check-In \/ Check-Out<\/strong><br \/>\nCheck-in can be made from 04:00 p.m.<br \/>\nCheck-out can be made until 10:30 a.m.<\/p>\n<p><strong>Means of Payment<\/strong><br \/>\nPayment can be made in cash, bank transfer, VISA credit card and debit card.<\/p>\n<p><strong>Breakfast Time<\/strong><br \/>\nFrom 8:00 a.m. to 10:00 a.m.<\/p>\n<p><strong>General<\/strong><br \/>\nReception is available every day until 10:00 p.m.<br \/>\nAccess to rooms outside reception hours can be made through the cell phone app or the access code provided.<br \/>\nSmoking is prohibited inside all rooms.<br \/>\nPets are not allowed.<br \/>\nBreakfast is not included and is available by appointment for a fee of EUR 5.<br \/>\nAccess to the kitchen is allowed for all guests from 12:00 pm onwards.<br \/>\nMinors cannot check in without being accompanied by an adult and cannot be accommodated in shared dormitories, unless the space is fully booked for the group.<br \/>\nThe accommodation provides cribs, upon availability, for children up to 5 years old, to add to the double rooms.[\/vc_column_text][vc_empty_space height=&#8221;150px&#8221;][\/vc_column][\/vc_row]<\/p>\n","protected":false},"excerpt":{"rendered":"<p>[vc_row][vc_column][vc_column_text]Reservations Reservations can be made through our website, a reservation site, by phone or email. At the time of booking, 50% of the total value of the stay is charged. The values of the stay do not include tourist taxes. Exclusive group policies may apply for reservations over 6 people. Cancellation Policies If the cancellation [&hellip;]<\/p>\n","protected":false},"author":1,"featured_media":0,"parent":0,"menu_order":999,"comment_status":"closed","ping_status":"closed","template":"","meta":[],"yoast_head":"<!-- This site is optimized with the Yoast SEO plugin v15.4 - https:\/\/yoast.com\/wordpress\/plugins\/seo\/ -->\n<title>Terms and Conditions &mdash; Arouce Hostel<\/title>\n<meta name=\"description\" content=\"O Arouce Hostel tem como objetivo dar alojamento a turistas que at\u00e9 n\u00f3s se deslocam e equipas e seu staff que usam a Serra da Lous\u00e3 para praticarem desporto.\" \/>\n<meta name=\"robots\" content=\"index, follow, max-snippet:-1, max-image-preview:large, max-video-preview:-1\" \/>\n<link rel=\"canonical\" href=\"https:\/\/aroucehostel.pt\/termos-e-condicoes\/\" \/>\n<meta property=\"og:locale\" content=\"en_US\" \/>\n<meta property=\"og:type\" content=\"article\" \/>\n<meta property=\"og:title\" content=\"Terms and Conditions &mdash; Arouce Hostel\" \/>\n<meta property=\"og:description\" content=\"O Arouce Hostel tem como objetivo dar alojamento a turistas que at\u00e9 n\u00f3s se deslocam e equipas e seu staff que usam a Serra da Lous\u00e3 para praticarem desporto.\" \/>\n<meta property=\"og:url\" content=\"https:\/\/aroucehostel.pt\/termos-e-condicoes\/\" \/>\n<meta property=\"og:site_name\" content=\"Arouce Hostel\" \/>\n<meta property=\"article:modified_time\" content=\"2021-12-30T17:03:28+00:00\" \/>\n<meta property=\"og:image\" content=\"https:\/\/aroucehostel.pt\/wp-content\/uploads\/2020\/09\/opengraph-image.jpg\" \/>\n\t<meta property=\"og:image:width\" content=\"1200\" \/>\n\t<meta property=\"og:image:height\" content=\"630\" \/>\n<meta name=\"twitter:card\" content=\"summary_large_image\" \/>\n<meta name=\"twitter:label1\" content=\"Written by\">\n\t<meta name=\"twitter:data1\" content=\"gowebagency\">\n\t<meta name=\"twitter:label2\" content=\"Est. reading time\">\n\t<meta name=\"twitter:data2\" content=\"1 minute\">\n<script type=\"application\/ld+json\" class=\"yoast-schema-graph\">{\"@context\":\"https:\/\/schema.org\",\"@graph\":[{\"@type\":\"Organization\",\"@id\":\"https:\/\/aroucehostel.pt\/#organization\",\"name\":\"Arouce Hostel\",\"url\":\"https:\/\/aroucehostel.pt\/\",\"sameAs\":[],\"logo\":{\"@type\":\"ImageObject\",\"@id\":\"https:\/\/aroucehostel.pt\/#logo\",\"inLanguage\":\"en-US\",\"url\":\"https:\/\/aroucehostel.pt\/wp-content\/uploads\/2020\/07\/arouce-hostel-logo-cores.png\",\"width\":842,\"height\":595,\"caption\":\"Arouce Hostel\"},\"image\":{\"@id\":\"https:\/\/aroucehostel.pt\/#logo\"}},{\"@type\":\"WebSite\",\"@id\":\"https:\/\/aroucehostel.pt\/#website\",\"url\":\"https:\/\/aroucehostel.pt\/\",\"name\":\"Arouce Hostel\",\"description\":\"\",\"publisher\":{\"@id\":\"https:\/\/aroucehostel.pt\/#organization\"},\"potentialAction\":[{\"@type\":\"SearchAction\",\"target\":\"https:\/\/aroucehostel.pt\/?s={search_term_string}\",\"query-input\":\"required name=search_term_string\"}],\"inLanguage\":\"en-US\"},{\"@type\":\"WebPage\",\"@id\":\"https:\/\/aroucehostel.pt\/termos-e-condicoes\/#webpage\",\"url\":\"https:\/\/aroucehostel.pt\/termos-e-condicoes\/\",\"name\":\"Terms and Conditions &mdash; Arouce Hostel\",\"isPartOf\":{\"@id\":\"https:\/\/aroucehostel.pt\/#website\"},\"datePublished\":\"2021-12-29T17:03:58+00:00\",\"dateModified\":\"2021-12-30T17:03:28+00:00\",\"description\":\"O Arouce Hostel tem como objetivo dar alojamento a turistas que at\\u00e9 n\\u00f3s se deslocam e equipas e seu staff que usam a Serra da Lous\\u00e3 para praticarem desporto.\",\"inLanguage\":\"en-US\",\"potentialAction\":[{\"@type\":\"ReadAction\",\"target\":[\"https:\/\/aroucehostel.pt\/termos-e-condicoes\/\"]}]}]}<\/script>\n<!-- \/ Yoast SEO plugin. -->","_links":{"self":[{"href":"https:\/\/aroucehostel.pt\/en\/wp-json\/wp\/v2\/pages\/2431"}],"collection":[{"href":"https:\/\/aroucehostel.pt\/en\/wp-json\/wp\/v2\/pages"}],"about":[{"href":"https:\/\/aroucehostel.pt\/en\/wp-json\/wp\/v2\/types\/page"}],"author":[{"embeddable":true,"href":"https:\/\/aroucehostel.pt\/en\/wp-json\/wp\/v2\/users\/1"}],"replies":[{"embeddable":true,"href":"https:\/\/aroucehostel.pt\/en\/wp-json\/wp\/v2\/comments?post=2431"}],"version-history":[{"count":4,"href":"https:\/\/aroucehostel.pt\/en\/wp-json\/wp\/v2\/pages\/2431\/revisions"}],"predecessor-version":[{"id":2544,"href":"https:\/\/aroucehostel.pt\/en\/wp-json\/wp\/v2\/pages\/2431\/revisions\/2544"}],"wp:attachment":[{"href":"https:\/\/aroucehostel.pt\/en\/wp-json\/wp\/v2\/media?parent=2431"}],"curies":[{"name":"wp","href":"https:\/\/api.w.org\/{rel}","templated":true}]}}