{"id":2418,"date":"2021-12-29T17:03:15","date_gmt":"2021-12-29T17:03:15","guid":{"rendered":"https:\/\/aroucehostel.pt\/contacts\/"},"modified":"2022-11-28T21:42:20","modified_gmt":"2022-11-28T21:42:20","slug":"contacts","status":"publish","type":"page","link":"https:\/\/aroucehostel.pt\/en\/contacts\/","title":{"rendered":"Contacts"},"content":{"rendered":"<p>[vc_section css=&#8221;.vc_custom_1593695894674{margin-top: 0px !important;padding-top: 0px !important;}&#8221;][vc_row full_width=&#8221;stretch_row&#8221; equal_height=&#8221;yes&#8221; content_placement=&#8221;middle&#8221; shadow_x_offset=&#8221;0&#8243; shadow_y_offset=&#8221;0&#8243; shadow_blur=&#8221;0&#8243; shadow_spread=&#8221;0&#8243; shadow_color=&#8221;&#8221; css=&#8221;.vc_custom_1598026069365{margin-top: 0px !important;background-color: #87afac !important;}&#8221; el_id=&#8221;goweb-page-contacts&#8221;][vc_column width=&#8221;2\/3&#8243; shadow_x_offset=&#8221;0&#8243; shadow_y_offset=&#8221;0&#8243; shadow_blur=&#8221;0&#8243; shadow_spread=&#8221;0&#8243; shadow_color=&#8221;&#8221; css=&#8221;.vc_custom_1593785859050{padding-top: 0px !important;padding-right: 20px !important;padding-bottom: 0px !important;}&#8221; offset=&#8221;vc_col-lg-4 vc_col-md-4 vc_col-xs-12&#8243;][stm_spacer height=&#8221;30&#8243; height_tablet=&#8221;20&#8243; height_mobile=&#8221;20&#8243;][vc_column_text]<\/p>\n<h3 class=\"goweb-cor-texto-branco\" style=\"font-size: 48px;line-height: 45px\">Contacts<\/h3>\n<p>[\/vc_column_text][stm_spacer height=&#8221;30&#8243; height_tablet=&#8221;20&#8243; height_mobile=&#8221;20&#8243;][stm_icon_box title_tag=&#8221;H6&#8243; title_custom_color=&#8221;#ffffff&#8221; icon=&#8221;stmicon-phone-call&#8221; icon_class=&#8221;custom&#8221; icon_color=&#8221;#ffffff&#8221; icon_size=&#8221;45&#8243; icon_height=&#8221;60&#8243; icon_width=&#8221;65&#8243; title=&#8221;Contactos Gerais&#8221; title_fsz=&#8221;16px&#8221;]<\/p>\n<h3 style=\"font-size: 22px\"><a class=\"goweb-cor-texto-branco\" href=\"tel:00351919596295\">(+351) 919 596 295<\/a><\/h3>\n<p>(rede m\u00f3vel nacional)<\/p>\n<h3 style=\"font-size: 22px\"><a class=\"goweb-cor-texto-branco\" href=\"tel:00351917349344\">(+351) 917 349 344<\/a><\/h3>\n<p>(rede m\u00f3vel nacional)<\/p>\n<p>[\/stm_icon_box][stm_spacer height=&#8221;20&#8243; height_tablet=&#8221;10&#8243; height_mobile=&#8221;10&#8243;][stm_icon_box title_tag=&#8221;H6&#8243; title_custom_color=&#8221;#ffffff&#8221; icon=&#8221;fa fa-envelope-open-o&#8221; icon_class=&#8221;custom&#8221; icon_color=&#8221;#ffffff&#8221; icon_size=&#8221;42&#8243; icon_height=&#8221;60&#8243; icon_width=&#8221;65&#8243; title=&#8221;Email&#8221; title_fsz=&#8221;16px&#8221;]<\/p>\n<h3 style=\"font-size: 22px\"><a class=\"goweb-cor-texto-branco\" href=\"mailto:geral@aroucehostel.pt\">geral@aroucehostel.pt<\/a><br \/>\n<a class=\"goweb-cor-texto-branco\" href=\"mailto:reservas@aroucehostel.pt\">reservas@aroucehostel.pt<\/a><\/h3>\n<p>[\/stm_icon_box][stm_spacer height=&#8221;20&#8243; height_tablet=&#8221;10&#8243; height_mobile=&#8221;10&#8243;][stm_icon_box title_tag=&#8221;H6&#8243; title_custom_color=&#8221;#ffffff&#8221; icon=&#8221;stmicon-maps-and-flags&#8221; icon_class=&#8221;custom&#8221; icon_color=&#8221;#ffffff&#8221; icon_size=&#8221;46&#8243; icon_height=&#8221;60&#8243; icon_width=&#8221;65&#8243; title=&#8221;Morada&#8221; title_fsz=&#8221;16px&#8221;]<\/p>\n<h3 class=\"goweb-cor-texto-branco\" style=\"font-size: 22px\">Rua Principal, N\u00ba 47<br \/>\n3200-029 Foz de Arouce<br \/>\nLous\u00e3<\/h3>\n<p><span class=\"goweb-cor-texto-branco\">Latitude : 40.16104617, Longitude : -8.27841282<\/span><\/p>\n<h3 class=\"goweb-cor-texto-branco\" style=\"font-size: 22px\">Registo : 121490\/AL<\/h3>\n<p>[\/stm_icon_box][stm_spacer height=&#8221;30&#8243; height_tablet=&#8221;20&#8243; height_mobile=&#8221;20&#8243;][\/vc_column][vc_column stretch=&#8221;right&#8221; width=&#8221;1\/3&#8243; shadow_x_offset=&#8221;0&#8243; shadow_y_offset=&#8221;0&#8243; shadow_blur=&#8221;0&#8243; shadow_spread=&#8221;0&#8243; shadow_color=&#8221;&#8221; offset=&#8221;vc_col-lg-8 vc_col-md-8 vc_col-xs-12&#8243; css=&#8221;.vc_custom_1593697226467{padding-top: 0px !important;padding-right: 0px !important;padding-bottom: 0px !important;padding-left: 0px !important;}&#8221; el_id=&#8221;goweb-mapa-contactos&#8221;][vc_gmaps link=&#8221;#E-8_JTNDaWZyYW1lJTIwc3JjJTNEJTIyaHR0cHMlM0ElMkYlMkZ3d3cuZ29vZ2xlLmNvbSUyRm1hcHMlMkZlbWJlZCUzRnBiJTNEJTIxMW0xOCUyMTFtMTIlMjExbTMlMjExZDMwNDkuMTU0NDMyMzIzODcyJTIxMmQtOC4yODA2MDUzODQzMzgzMDglMjEzZDQwLjE2MTExNTE3OTA2OTIlMjEybTMlMjExZjAlMjEyZjAlMjEzZjAlMjEzbTIlMjExaTEwMjQlMjEyaTc2OCUyMTRmMTMuMSUyMTNtMyUyMTFtMiUyMTFzMHgwJTI1M0EweDAlMjEyek5ERENzREE1SnpRd0xqQWlUaUE0d3JBeE5pYzBNaTR6SWxjJTIxNWUwJTIxM20yJTIxMXNwdC1QVCUyMTJzcHQlMjE0djE2MDAxMDE4NzYwMjQlMjE1bTIlMjExc3B0LVBUJTIxMnNwdCUyMiUyMGZyYW1lYm9yZGVyJTNEJTIyMCUyMiUyMHN0eWxlJTNEJTIyYm9yZGVyJTNBMCUzQiUyMiUyMGFsbG93ZnVsbHNjcmVlbiUzRCUyMiUyMiUyMGFyaWEtaGlkZGVuJTNEJTIyZmFsc2UlMjIlMjB0YWJpbmRleCUzRCUyMjAlMjIlM0UlM0MlMkZpZnJhbWUlM0U=&#8221; size=&#8221;&#8221;][\/vc_column][\/vc_row][\/vc_section][vc_row shadow_x_offset=&#8221;0&#8243; shadow_y_offset=&#8221;0&#8243; shadow_blur=&#8221;0&#8243; shadow_spread=&#8221;0&#8243; shadow_color=&#8221;&#8221; css=&#8221;.vc_custom_1531906799465{padding-top: 20px !important;}&#8221;][vc_column width=&#8221;1\/5&#8243; shadow_x_offset=&#8221;0&#8243; shadow_y_offset=&#8221;0&#8243; shadow_blur=&#8221;0&#8243; shadow_spread=&#8221;0&#8243;][\/vc_column][vc_column width=&#8221;3\/5&#8243;][stm_spacer height=&#8221;120&#8243; height_tablet=&#8221;70&#8243; height_mobile=&#8221;60&#8243;][vc_custom_heading text=&#8221;Contact us&#8221; font_container=&#8221;tag:h2|text_align:center|color:%2387afac&#8221; use_theme_fonts=&#8221;yes&#8221; heading_icon=&#8221;stmicon-haircut&#8221; heading_icon_color=&#8221;custom&#8221; heading_icon_custom_color=&#8221;#87afac&#8221; css=&#8221;.vc_custom_1598026104234{margin-bottom: 50px !important;}&#8221;][vc_raw_html]W2NhbGRlcmFfZm9ybSBpZD0iQ0Y1ZWZkZTUyMDAyN2ZiIl0=[\/vc_raw_html][\/vc_column][vc_column width=&#8221;1\/5&#8243;][\/vc_column][\/vc_row][vc_row][vc_column][stm_spacer height=&#8221;80&#8243; height_tablet=&#8221;60&#8243; height_mobile=&#8221;60&#8243;][vc_column_text]<\/p>\n<p style=\"text-align: center\"><strong>Center for Arbitration of Consumer Disputes of the Region of Coimbra<\/strong><br \/>\nAv. Ferdinand Magellan, No. 240, 1st<br \/>\n3000-172 Coimbra<br \/>\n<a href=\"mailto:geral@centrodearbitragemdecoimbra.com\">geral@centrodearbitragemdecoimbra.com<\/a><\/p>\n<p>For more information click <a href=\"https:\/\/www.centrodearbitragemdecoimbra.com\/\" target=\"_blank\" rel=\"noopener noreferrer\">here.<\/a><\/p>\n<p>[\/vc_column_text][stm_spacer height=&#8221;80&#8243; height_tablet=&#8221;60&#8243; height_mobile=&#8221;60&#8243;][\/vc_column][\/vc_row]<\/p>\n","protected":false},"excerpt":{"rendered":"<p>[vc_section css=&#8221;.vc_custom_1593695894674{margin-top: 0px !important;padding-top: 0px !important;}&#8221;][vc_row full_width=&#8221;stretch_row&#8221; equal_height=&#8221;yes&#8221; content_placement=&#8221;middle&#8221; shadow_x_offset=&#8221;0&#8243; shadow_y_offset=&#8221;0&#8243; shadow_blur=&#8221;0&#8243; shadow_spread=&#8221;0&#8243; shadow_color=&#8221;&#8221; css=&#8221;.vc_custom_1598026069365{margin-top: 0px !important;background-color: #87afac !important;}&#8221; el_id=&#8221;goweb-page-contacts&#8221;][vc_column width=&#8221;2\/3&#8243; shadow_x_offset=&#8221;0&#8243; shadow_y_offset=&#8221;0&#8243; shadow_blur=&#8221;0&#8243; shadow_spread=&#8221;0&#8243; shadow_color=&#8221;&#8221; css=&#8221;.vc_custom_1593785859050{padding-top: 0px !important;padding-right: 20px !important;padding-bottom: 0px !important;}&#8221; offset=&#8221;vc_col-lg-4 vc_col-md-4 vc_col-xs-12&#8243;][stm_spacer height=&#8221;30&#8243; height_tablet=&#8221;20&#8243; height_mobile=&#8221;20&#8243;][vc_column_text] Contacts [\/vc_column_text][stm_spacer height=&#8221;30&#8243; height_tablet=&#8221;20&#8243; height_mobile=&#8221;20&#8243;][stm_icon_box title_tag=&#8221;H6&#8243; title_custom_color=&#8221;#ffffff&#8221; icon=&#8221;stmicon-phone-call&#8221; icon_class=&#8221;custom&#8221; icon_color=&#8221;#ffffff&#8221; icon_size=&#8221;45&#8243; icon_height=&#8221;60&#8243; icon_width=&#8221;65&#8243; title=&#8221;Contactos Gerais&#8221; title_fsz=&#8221;16px&#8221;] [&hellip;]<\/p>\n","protected":false},"author":1,"featured_media":0,"parent":0,"menu_order":80,"comment_status":"closed","ping_status":"closed","template":"","meta":[],"yoast_head":"<!-- This site is optimized with the Yoast SEO plugin v15.4 - https:\/\/yoast.com\/wordpress\/plugins\/seo\/ -->\n<title>Contacts &mdash; Arouce Hostel<\/title>\n<meta name=\"description\" content=\"O Arouce Hostel tem como objetivo dar alojamento a turistas que at\u00e9 n\u00f3s se deslocam e equipas e seu staff que usam a Serra da Lous\u00e3 para praticarem desporto.\" \/>\n<meta name=\"robots\" content=\"index, follow, max-snippet:-1, max-image-preview:large, max-video-preview:-1\" \/>\n<link rel=\"canonical\" href=\"https:\/\/aroucehostel.pt\/en\/contacts\/\" \/>\n<meta property=\"og:locale\" content=\"en_US\" \/>\n<meta property=\"og:type\" content=\"article\" \/>\n<meta property=\"og:title\" content=\"Contacts &mdash; Arouce Hostel\" \/>\n<meta property=\"og:description\" content=\"O Arouce Hostel tem como objetivo dar alojamento a turistas que at\u00e9 n\u00f3s se deslocam e equipas e seu staff que usam a Serra da Lous\u00e3 para praticarem desporto.\" \/>\n<meta property=\"og:url\" content=\"https:\/\/aroucehostel.pt\/en\/contacts\/\" \/>\n<meta property=\"og:site_name\" content=\"Arouce Hostel\" \/>\n<meta property=\"article:modified_time\" content=\"2022-11-28T21:42:20+00:00\" \/>\n<meta property=\"og:image\" content=\"https:\/\/aroucehostel.pt\/wp-content\/uploads\/2020\/09\/opengraph-image.jpg\" \/>\n\t<meta property=\"og:image:width\" content=\"1200\" \/>\n\t<meta property=\"og:image:height\" content=\"630\" \/>\n<meta name=\"twitter:card\" content=\"summary_large_image\" \/>\n<meta name=\"twitter:label1\" content=\"Written by\">\n\t<meta name=\"twitter:data1\" content=\"gowebagency\">\n\t<meta name=\"twitter:label2\" content=\"Est. reading time\">\n\t<meta name=\"twitter:data2\" content=\"2 minutes\">\n<script type=\"application\/ld+json\" class=\"yoast-schema-graph\">{\"@context\":\"https:\/\/schema.org\",\"@graph\":[{\"@type\":\"Organization\",\"@id\":\"https:\/\/aroucehostel.pt\/#organization\",\"name\":\"Arouce Hostel\",\"url\":\"https:\/\/aroucehostel.pt\/\",\"sameAs\":[],\"logo\":{\"@type\":\"ImageObject\",\"@id\":\"https:\/\/aroucehostel.pt\/#logo\",\"inLanguage\":\"en-US\",\"url\":\"https:\/\/aroucehostel.pt\/wp-content\/uploads\/2020\/07\/arouce-hostel-logo-cores.png\",\"width\":842,\"height\":595,\"caption\":\"Arouce Hostel\"},\"image\":{\"@id\":\"https:\/\/aroucehostel.pt\/#logo\"}},{\"@type\":\"WebSite\",\"@id\":\"https:\/\/aroucehostel.pt\/#website\",\"url\":\"https:\/\/aroucehostel.pt\/\",\"name\":\"Arouce Hostel\",\"description\":\"\",\"publisher\":{\"@id\":\"https:\/\/aroucehostel.pt\/#organization\"},\"potentialAction\":[{\"@type\":\"SearchAction\",\"target\":\"https:\/\/aroucehostel.pt\/?s={search_term_string}\",\"query-input\":\"required name=search_term_string\"}],\"inLanguage\":\"en-US\"},{\"@type\":\"WebPage\",\"@id\":\"https:\/\/aroucehostel.pt\/en\/contacts\/#webpage\",\"url\":\"https:\/\/aroucehostel.pt\/en\/contacts\/\",\"name\":\"Contacts &mdash; Arouce Hostel\",\"isPartOf\":{\"@id\":\"https:\/\/aroucehostel.pt\/#website\"},\"datePublished\":\"2021-12-29T17:03:15+00:00\",\"dateModified\":\"2022-11-28T21:42:20+00:00\",\"description\":\"O Arouce Hostel tem como objetivo dar alojamento a turistas que at\\u00e9 n\\u00f3s se deslocam e equipas e seu staff que usam a Serra da Lous\\u00e3 para praticarem desporto.\",\"inLanguage\":\"en-US\",\"potentialAction\":[{\"@type\":\"ReadAction\",\"target\":[\"https:\/\/aroucehostel.pt\/en\/contacts\/\"]}]}]}<\/script>\n<!-- \/ Yoast SEO plugin. -->","_links":{"self":[{"href":"https:\/\/aroucehostel.pt\/en\/wp-json\/wp\/v2\/pages\/2418"}],"collection":[{"href":"https:\/\/aroucehostel.pt\/en\/wp-json\/wp\/v2\/pages"}],"about":[{"href":"https:\/\/aroucehostel.pt\/en\/wp-json\/wp\/v2\/types\/page"}],"author":[{"embeddable":true,"href":"https:\/\/aroucehostel.pt\/en\/wp-json\/wp\/v2\/users\/1"}],"replies":[{"embeddable":true,"href":"https:\/\/aroucehostel.pt\/en\/wp-json\/wp\/v2\/comments?post=2418"}],"version-history":[{"count":30,"href":"https:\/\/aroucehostel.pt\/en\/wp-json\/wp\/v2\/pages\/2418\/revisions"}],"predecessor-version":[{"id":3301,"href":"https:\/\/aroucehostel.pt\/en\/wp-json\/wp\/v2\/pages\/2418\/revisions\/3301"}],"wp:attachment":[{"href":"https:\/\/aroucehostel.pt\/en\/wp-json\/wp\/v2\/media?parent=2418"}],"curies":[{"name":"wp","href":"https:\/\/api.w.org\/{rel}","templated":true}]}}