{"id":2411,"date":"2021-12-29T17:02:28","date_gmt":"2021-12-29T17:02:28","guid":{"rendered":"https:\/\/aroucehostel.pt\/accommodation\/"},"modified":"2022-04-01T10:00:34","modified_gmt":"2022-04-01T10:00:34","slug":"accommodation","status":"publish","type":"page","link":"https:\/\/aroucehostel.pt\/en\/accommodation\/","title":{"rendered":"Accommodation"},"content":{"rendered":"<p>[vc_row][vc_column][stm_wp_hotelier_selective_rooms_carousel][\/vc_column][\/vc_row][vc_row shadow_x_offset=&#8221;0&#8243; shadow_y_offset=&#8221;0&#8243; shadow_blur=&#8221;0&#8243; shadow_spread=&#8221;0&#8243; shadow_color=&#8221;&#8221; css=&#8221;.vc_custom_1640884172659{margin-top: 30px !important;}&#8221;][vc_column][vc_column_text]<div class=\"hotelier\">\n    \n<form name=\"hotelier_datepicker\" method=\"post\" id=\"hotelier-datepicker\" class=\"datepicker-form\"\n      action=\"https:\/\/aroucehostel.pt\/alojamento\/\" enctype=\"multipart\/form-data\">\n\n    <span class=\"datepicker-input-select-wrapper\"><input class=\"datepicker-input-select\" type=\"text\"\n                                                         id=\"hotelier-datepicker-select\" value=\"\"><\/span>\n    <input type=\"text\" id=\"hotelier-datepicker-checkin\" class=\"datepicker-input datepicker-input--checkin\"\n           name=\"checkin\" value=\"2026-04-15\">\n    <input type=\"text\" id=\"hotelier-datepicker-checkout\" class=\"datepicker-input datepicker-input--checkout\"\n           name=\"checkout\" value=\"2026-04-16\">\n\n    \n\n    <p class=\"selected-nights\">1-night stay<\/p>\n\n\n    <button type=\"submit\" class=\"btn btn_solid btn_primary btn_icon-right button button--datepicker\" name=\"hotelier_datepicker_button\" id=\"datepicker-button\" ><i class=\"btn__icon stmicon-keyboard_arrow_right\"><\/i>Check Rates<\/button><\/form>\n\n\n    <form name=\"room_list\" method=\"post\" id=\"form--listing\" class=\"form--listing listing\" enctype=\"multipart\/form-data\">\n\n        \n        \n        <div class=\"stm_wp_hotelier_rooms_list_style_1\">\n\t<div class=\"stm-rooms-list\">\n        \n        \n            \n                            <div class=\"room\">\n                <div class=\"inner\">\n                    <div class=\"room__image\">\n                        <a href=\"https:\/\/aroucehostel.pt\/en\/rooms\/shales\/\">\n\t\t\t\t\t\t\t<img srcset=\"https:\/\/aroucehostel.pt\/wp-content\/uploads\/2021\/08\/20250424_173725-min-scaled-740x420.jpg 2x\" class=\"\" src=\"https:\/\/aroucehostel.pt\/wp-content\/uploads\/2021\/08\/20250424_173725-min-scaled-370x210.jpg\" width=\"370\" height=\"210\" alt=\"20250424_173725-min\" title=\"20250424_173725-min\" \/>                            <div class=\"room__price mbc heading_font\">\n                                <span>75.00&euro;<\/span>                            <\/div>\n                        <\/a>\n                    <\/div>\n\n                    <div class=\"room__content\">\n                        <div class=\"room__title\">\n                            <h3>\n                                <a class=\"ttc no_deco mtc_h\" href=\"https:\/\/aroucehostel.pt\/en\/rooms\/shales\/\">\n\t\t\t\t\t\t\t\t\tXistos                                <\/a>\n                            <\/h3>\n                        <\/div>\n                        <div class=\"room__excerpt\">\n\t\t\t\t\t\t\tDouble Room In honor of our mountain villages in which the houses were built ...                        <\/div>\n\n\t\t\t\t\t\t\n\n<div class=\"room_info\">\n\t\t\t\t\t\t<div class=\"room_info__single\">\n\t\t\t\t<i class=\"mtc stmicon-guest\"><\/i>\n\t\t\t\t<span class=\"ttc heading_font_family\">2<\/span>\n\t\t\t<\/div>\n\t\t\t\t\t\t\t\t\t\t\t<div class=\"room_info__single\">\n\t\t\t\t<i class=\"mtc stmicon-bed2\"><\/i>\n\t\t\t\t<span class=\"ttc heading_font_family\">Double bed (Single or Double)<\/span>\n\t\t\t<\/div>\n\t\t\t\t\t\t\t\t<div class=\"room_info__single\">\n\t\t\t\t<i class=\"mtc stmicon-ruler\"><\/i>\n\t\t\t\t<span class=\"ttc heading_font_family\">12<\/span>\n\t\t\t<\/div>\n\t\t\t<\/div>\n\n                    <\/div>\n                <\/div>\n            <\/div>\n\t\t\t\n            \n                            <div class=\"room\">\n                <div class=\"inner\">\n                    <div class=\"room__image\">\n                        <a href=\"https:\/\/aroucehostel.pt\/en\/rooms\/fauna-2\/\">\n\t\t\t\t\t\t\t<img srcset=\"https:\/\/aroucehostel.pt\/wp-content\/uploads\/2021\/12\/20250302_141855-scaled-740x420.jpg 2x\" class=\"\" src=\"https:\/\/aroucehostel.pt\/wp-content\/uploads\/2021\/12\/20250302_141855-scaled-370x210.jpg\" width=\"370\" height=\"210\" alt=\"20250302_141855\" title=\"20250302_141855\" \/>                            <div class=\"room__price mbc heading_font\">\n                                <span>75.00&euro;<\/span>                            <\/div>\n                        <\/a>\n                    <\/div>\n\n                    <div class=\"room__content\">\n                        <div class=\"room__title\">\n                            <h3>\n                                <a class=\"ttc no_deco mtc_h\" href=\"https:\/\/aroucehostel.pt\/en\/rooms\/fauna-2\/\">\n\t\t\t\t\t\t\t\t\tFauna                                <\/a>\n                            <\/h3>\n                        <\/div>\n                        <div class=\"room__excerpt\">\n\t\t\t\t\t\t\tDouble Room                        <\/div>\n\n\t\t\t\t\t\t\n\n<div class=\"room_info\">\n\t\t\t\t\t\t<div class=\"room_info__single\">\n\t\t\t\t<i class=\"mtc stmicon-guest\"><\/i>\n\t\t\t\t<span class=\"ttc heading_font_family\">2<\/span>\n\t\t\t<\/div>\n\t\t\t\t\t\t\t\t\t\t\t<div class=\"room_info__single\">\n\t\t\t\t<i class=\"mtc stmicon-bed2\"><\/i>\n\t\t\t\t<span class=\"ttc heading_font_family\">Double bed (Single or Double)<\/span>\n\t\t\t<\/div>\n\t\t\t\t\t\t\t\t<div class=\"room_info__single\">\n\t\t\t\t<i class=\"mtc stmicon-ruler\"><\/i>\n\t\t\t\t<span class=\"ttc heading_font_family\">11<\/span>\n\t\t\t<\/div>\n\t\t\t<\/div>\n\n                    <\/div>\n                <\/div>\n            <\/div>\n\t\t\t\n            \n                            <div class=\"room\">\n                <div class=\"inner\">\n                    <div class=\"room__image\">\n                        <a href=\"https:\/\/aroucehostel.pt\/en\/rooms\/boor\/\">\n\t\t\t\t\t\t\t<img srcset=\"https:\/\/aroucehostel.pt\/wp-content\/uploads\/2021\/08\/20250423_154915-scaled-740x420.jpg 2x\" class=\"\" src=\"https:\/\/aroucehostel.pt\/wp-content\/uploads\/2021\/08\/20250423_154915-scaled-370x210.jpg\" width=\"370\" height=\"210\" alt=\"20250423_154915\" title=\"20250423_154915\" \/>                            <div class=\"room__price mbc heading_font\">\n                                <span>75.00&euro;<\/span>                            <\/div>\n                        <\/a>\n                    <\/div>\n\n                    <div class=\"room__content\">\n                        <div class=\"room__title\">\n                            <h3>\n                                <a class=\"ttc no_deco mtc_h\" href=\"https:\/\/aroucehostel.pt\/en\/rooms\/boor\/\">\n\t\t\t\t\t\t\t\t\tR\u00fastico                                <\/a>\n                            <\/h3>\n                        <\/div>\n                        <div class=\"room__excerpt\">\n\t\t\t\t\t\t\tTwin Room Equipped with 2 single beds, it makes a difference to the other roo...                        <\/div>\n\n\t\t\t\t\t\t\n\n<div class=\"room_info\">\n\t\t\t\t\t\t<div class=\"room_info__single\">\n\t\t\t\t<i class=\"mtc stmicon-guest\"><\/i>\n\t\t\t\t<span class=\"ttc heading_font_family\">2<\/span>\n\t\t\t<\/div>\n\t\t\t\t\t\t\t\t\t\t\t<div class=\"room_info__single\">\n\t\t\t\t<i class=\"mtc stmicon-bed2\"><\/i>\n\t\t\t\t<span class=\"ttc heading_font_family\">Twin Room (2 single beds)<\/span>\n\t\t\t<\/div>\n\t\t\t\t\t\t\t\t<div class=\"room_info__single\">\n\t\t\t\t<i class=\"mtc stmicon-ruler\"><\/i>\n\t\t\t\t<span class=\"ttc heading_font_family\">14<\/span>\n\t\t\t<\/div>\n\t\t\t<\/div>\n\n                    <\/div>\n                <\/div>\n            <\/div>\n\t\t\t\n            \n                            <div class=\"room\">\n                <div class=\"inner\">\n                    <div class=\"room__image\">\n                        <a href=\"https:\/\/aroucehostel.pt\/en\/rooms\/peralta\/\">\n\t\t\t\t\t\t\t<img srcset=\"https:\/\/aroucehostel.pt\/wp-content\/uploads\/2021\/08\/20250422_124847-scaled-740x420.jpg 2x\" class=\"\" src=\"https:\/\/aroucehostel.pt\/wp-content\/uploads\/2021\/08\/20250422_124847-scaled-370x210.jpg\" width=\"370\" height=\"210\" alt=\"20250422_124847\" title=\"20250422_124847\" \/>                            <div class=\"room__price mbc heading_font\">\n                                <span><span>From<\/span> 75.00&euro;<\/span>                            <\/div>\n                        <\/a>\n                    <\/div>\n\n                    <div class=\"room__content\">\n                        <div class=\"room__title\">\n                            <h3>\n                                <a class=\"ttc no_deco mtc_h\" href=\"https:\/\/aroucehostel.pt\/en\/rooms\/peralta\/\">\n\t\t\t\t\t\t\t\t\tPeralta                                <\/a>\n                            <\/h3>\n                        <\/div>\n                        <div class=\"room__excerpt\">\n\t\t\t\t\t\t\tDouble Room Decorated with the old pink tone received the name of the princes...                        <\/div>\n\n\t\t\t\t\t\t\n\n<div class=\"room_info\">\n\t\t\t\t\t\t<div class=\"room_info__single\">\n\t\t\t\t<i class=\"mtc stmicon-guest\"><\/i>\n\t\t\t\t<span class=\"ttc heading_font_family\">2<\/span>\n\t\t\t<\/div>\n\t\t\t\t\t\t\t\t<div class=\"room_info__single\">\n\t\t\t\t<i class=\"mtc stmicon-nipple\"><\/i>\n\t\t\t\t<span class=\"ttc heading_font_family\">1<\/span>\n\t\t\t<\/div>\n\t\t\t\t\t\t\t\t<div class=\"room_info__single\">\n\t\t\t\t<i class=\"mtc stmicon-bed2\"><\/i>\n\t\t\t\t<span class=\"ttc heading_font_family\">Double Room (Single or Double Occupancy)<\/span>\n\t\t\t<\/div>\n\t\t\t\t\t\t\t\t<div class=\"room_info__single\">\n\t\t\t\t<i class=\"mtc stmicon-ruler\"><\/i>\n\t\t\t\t<span class=\"ttc heading_font_family\">14<\/span>\n\t\t\t<\/div>\n\t\t\t<\/div>\n\n                    <\/div>\n                <\/div>\n            <\/div>\n\t\t\t\n            \n                            <div class=\"room\">\n                <div class=\"inner\">\n                    <div class=\"room__image\">\n                        <a href=\"https:\/\/aroucehostel.pt\/en\/rooms\/natura\/\">\n\t\t\t\t\t\t\t<img srcset=\"https:\/\/aroucehostel.pt\/wp-content\/uploads\/2021\/08\/20250424_173619-scaled-740x420.jpg 2x\" class=\"\" src=\"https:\/\/aroucehostel.pt\/wp-content\/uploads\/2021\/08\/20250424_173619-scaled-370x210.jpg\" width=\"370\" height=\"210\" alt=\"20250424_173619\" title=\"20250424_173619\" \/>                            <div class=\"room__price mbc heading_font\">\n                                <span>70.00&euro;<\/span>                            <\/div>\n                        <\/a>\n                    <\/div>\n\n                    <div class=\"room__content\">\n                        <div class=\"room__title\">\n                            <h3>\n                                <a class=\"ttc no_deco mtc_h\" href=\"https:\/\/aroucehostel.pt\/en\/rooms\/natura\/\">\n\t\t\t\t\t\t\t\t\tNatura                                <\/a>\n                            <\/h3>\n                        <\/div>\n                        <div class=\"room__excerpt\">\n\t\t\t\t\t\t\tDouble Room The name aims to reflect the beauty of our mountain range, its tr...                        <\/div>\n\n\t\t\t\t\t\t\n\n<div class=\"room_info\">\n\t\t\t\t\t\t<div class=\"room_info__single\">\n\t\t\t\t<i class=\"mtc stmicon-guest\"><\/i>\n\t\t\t\t<span class=\"ttc heading_font_family\">2<\/span>\n\t\t\t<\/div>\n\t\t\t\t\t\t\t\t<div class=\"room_info__single\">\n\t\t\t\t<i class=\"mtc stmicon-nipple\"><\/i>\n\t\t\t\t<span class=\"ttc heading_font_family\">1<\/span>\n\t\t\t<\/div>\n\t\t\t\t\t\t\t\t<div class=\"room_info__single\">\n\t\t\t\t<i class=\"mtc stmicon-bed2\"><\/i>\n\t\t\t\t<span class=\"ttc heading_font_family\">Double Room (Single or Double Occupancy) + Allows Extra Bed (Child up to 12 years)<\/span>\n\t\t\t<\/div>\n\t\t\t\t\t\t\t\t<div class=\"room_info__single\">\n\t\t\t\t<i class=\"mtc stmicon-ruler\"><\/i>\n\t\t\t\t<span class=\"ttc heading_font_family\">11<\/span>\n\t\t\t<\/div>\n\t\t\t<\/div>\n\n                    <\/div>\n                <\/div>\n            <\/div>\n\t\t\t\n            \n                            <div class=\"room\">\n                <div class=\"inner\">\n                    <div class=\"room__image\">\n                        <a href=\"https:\/\/aroucehostel.pt\/en\/rooms\/dorm-i\/\">\n\t\t\t\t\t\t\t<img srcset=\"https:\/\/aroucehostel.pt\/wp-content\/uploads\/2021\/08\/dormitorio1-1-740x420.jpg 2x\" class=\"\" src=\"https:\/\/aroucehostel.pt\/wp-content\/uploads\/2021\/08\/dormitorio1-1-370x210.jpg\" width=\"370\" height=\"210\" alt=\"Dorm I\" title=\"Dorm I\" \/>                            <div class=\"room__price mbc heading_font\">\n                                <span><span>From<\/span> 32.00&euro;<\/span>                            <\/div>\n                        <\/a>\n                    <\/div>\n\n                    <div class=\"room__content\">\n                        <div class=\"room__title\">\n                            <h3>\n                                <a class=\"ttc no_deco mtc_h\" href=\"https:\/\/aroucehostel.pt\/en\/rooms\/dorm-i\/\">\n\t\t\t\t\t\t\t\t\tDorm I                                <\/a>\n                            <\/h3>\n                        <\/div>\n                        <div class=\"room__excerpt\">\n\t\t\t\t\t\t\tRoom with 4 Bunk Beds This room has 4 bunk beds with a maximum occupancy of 8...                        <\/div>\n\n\t\t\t\t\t\t\n\n<div class=\"room_info\">\n\t\t\t\t\t\t<div class=\"room_info__single\">\n\t\t\t\t<i class=\"mtc stmicon-guest\"><\/i>\n\t\t\t\t<span class=\"ttc heading_font_family\">8<\/span>\n\t\t\t<\/div>\n\t\t\t\t\t\t\t\t\t\t\t<div class=\"room_info__single\">\n\t\t\t\t<i class=\"mtc stmicon-bed2\"><\/i>\n\t\t\t\t<span class=\"ttc heading_font_family\">Room with 4 Bunk Beds<\/span>\n\t\t\t<\/div>\n\t\t\t\t\t\t<\/div>\n\n                    <\/div>\n                <\/div>\n            <\/div>\n\t\t\t\n            \n                            <div class=\"room\">\n                <div class=\"inner\">\n                    <div class=\"room__image\">\n                        <a href=\"https:\/\/aroucehostel.pt\/en\/rooms\/dorm-ii\/\">\n\t\t\t\t\t\t\t<img srcset=\"https:\/\/aroucehostel.pt\/wp-content\/uploads\/2021\/08\/dormitorio2-1-740x420.jpg 2x\" class=\"\" src=\"https:\/\/aroucehostel.pt\/wp-content\/uploads\/2021\/08\/dormitorio2-1-370x210.jpg\" width=\"370\" height=\"210\" alt=\"Dorm II\" title=\"Dorm II\" \/>                            <div class=\"room__price mbc heading_font\">\n                                <span><span>From<\/span> 32.00&euro;<\/span>                            <\/div>\n                        <\/a>\n                    <\/div>\n\n                    <div class=\"room__content\">\n                        <div class=\"room__title\">\n                            <h3>\n                                <a class=\"ttc no_deco mtc_h\" href=\"https:\/\/aroucehostel.pt\/en\/rooms\/dorm-ii\/\">\n\t\t\t\t\t\t\t\t\tDorm II                                <\/a>\n                            <\/h3>\n                        <\/div>\n                        <div class=\"room__excerpt\">\n\t\t\t\t\t\t\tRoom with 6 Bunk Beds This room has 6 bunk beds with a maximum occupancy of 1...                        <\/div>\n\n\t\t\t\t\t\t\n\n<div class=\"room_info\">\n\t\t\t\t\t\t<div class=\"room_info__single\">\n\t\t\t\t<i class=\"mtc stmicon-guest\"><\/i>\n\t\t\t\t<span class=\"ttc heading_font_family\">12<\/span>\n\t\t\t<\/div>\n\t\t\t\t\t\t\t\t\t\t\t<div class=\"room_info__single\">\n\t\t\t\t<i class=\"mtc stmicon-bed2\"><\/i>\n\t\t\t\t<span class=\"ttc heading_font_family\">Room with 6 Bunk Beds<\/span>\n\t\t\t<\/div>\n\t\t\t\t\t\t<\/div>\n\n                    <\/div>\n                <\/div>\n            <\/div>\n\t\t\t\n            \n                            <div class=\"room\">\n                <div class=\"inner\">\n                    <div class=\"room__image\">\n                        <a href=\"https:\/\/aroucehostel.pt\/en\/rooms\/dorm-iii\/\">\n\t\t\t\t\t\t\t<img srcset=\"https:\/\/aroucehostel.pt\/wp-content\/uploads\/2021\/08\/IMG_4024_-scaled-740x420.jpg 2x\" class=\"\" src=\"https:\/\/aroucehostel.pt\/wp-content\/uploads\/2021\/08\/IMG_4024_-scaled-370x210.jpg\" width=\"370\" height=\"210\" alt=\"Dorm III\" title=\"Dorm III\" \/>                            <div class=\"room__price mbc heading_font\">\n                                <span><span>From<\/span> 32.00&euro;<\/span>                            <\/div>\n                        <\/a>\n                    <\/div>\n\n                    <div class=\"room__content\">\n                        <div class=\"room__title\">\n                            <h3>\n                                <a class=\"ttc no_deco mtc_h\" href=\"https:\/\/aroucehostel.pt\/en\/rooms\/dorm-iii\/\">\n\t\t\t\t\t\t\t\t\tDorm III                                <\/a>\n                            <\/h3>\n                        <\/div>\n                        <div class=\"room__excerpt\">\n\t\t\t\t\t\t\tRoom with 6 Bunk Beds This room has 6 bunk beds with a maximum occupancy of 1...                        <\/div>\n\n\t\t\t\t\t\t\n\n<div class=\"room_info\">\n\t\t\t\t\t\t<div class=\"room_info__single\">\n\t\t\t\t<i class=\"mtc stmicon-guest\"><\/i>\n\t\t\t\t<span class=\"ttc heading_font_family\">12<\/span>\n\t\t\t<\/div>\n\t\t\t\t\t\t\t\t\t\t\t<div class=\"room_info__single\">\n\t\t\t\t<i class=\"mtc stmicon-bed2\"><\/i>\n\t\t\t\t<span class=\"ttc heading_font_family\">Room with 6 Bunk Beds<\/span>\n\t\t\t<\/div>\n\t\t\t\t\t\t<\/div>\n\n                    <\/div>\n                <\/div>\n            <\/div>\n\t\t\t\n            \n        \n            <\/div>\n<\/div>\n        \n        \n<div id=\"reserve-rooms-button\">\n\n<!--    --><!---->\n<!--    --><!---->\n<!--    --><!---->\n<!--    -->\n<\/div>\n\n        \n    <\/form>\n\n\n<\/div>[\/vc_column_text][\/vc_column][\/vc_row][vc_row][vc_column][stm_testimonials number_row=&#8221;1&#8243; show_image=&#8221;&#8221; autoscroll=&#8221;true&#8221; margin=&#8221;20&#8243; center_mode=&#8221;true&#8221; style=&#8221;style_2&#8243; title=&#8221;Testimonials&#8221;][\/vc_column][\/vc_row]<\/p>\n","protected":false},"excerpt":{"rendered":"<p>[vc_row][vc_column][stm_wp_hotelier_selective_rooms_carousel][\/vc_column][\/vc_row][vc_row shadow_x_offset=&#8221;0&#8243; shadow_y_offset=&#8221;0&#8243; shadow_blur=&#8221;0&#8243; shadow_spread=&#8221;0&#8243; shadow_color=&#8221;&#8221; css=&#8221;.vc_custom_1640884172659{margin-top: 30px !important;}&#8221;][vc_column][vc_column_text][\/vc_column_text][\/vc_column][\/vc_row][vc_row][vc_column][stm_testimonials number_row=&#8221;1&#8243; show_image=&#8221;&#8221; autoscroll=&#8221;true&#8221; margin=&#8221;20&#8243; center_mode=&#8221;true&#8221; style=&#8221;style_2&#8243; title=&#8221;Testimonials&#8221;][\/vc_column][\/vc_row]<\/p>\n","protected":false},"author":1,"featured_media":0,"parent":0,"menu_order":50,"comment_status":"closed","ping_status":"closed","template":"","meta":[],"yoast_head":"<!-- This site is optimized with the Yoast SEO plugin v15.4 - https:\/\/yoast.com\/wordpress\/plugins\/seo\/ -->\n<title>Accommodation &mdash; Arouce Hostel<\/title>\n<meta name=\"description\" content=\"O Arouce Hostel tem como objetivo dar alojamento a turistas que at\u00e9 n\u00f3s se deslocam e equipas e seu staff que usam a Serra da Lous\u00e3 para praticarem desporto.\" \/>\n<meta name=\"robots\" content=\"index, follow, max-snippet:-1, max-image-preview:large, max-video-preview:-1\" \/>\n<link rel=\"canonical\" href=\"https:\/\/aroucehostel.pt\/en\/accommodation\/\" \/>\n<meta property=\"og:locale\" content=\"en_US\" \/>\n<meta property=\"og:type\" content=\"article\" \/>\n<meta property=\"og:title\" content=\"Accommodation &mdash; Arouce Hostel\" \/>\n<meta property=\"og:description\" content=\"O Arouce Hostel tem como objetivo dar alojamento a turistas que at\u00e9 n\u00f3s se deslocam e equipas e seu staff que usam a Serra da Lous\u00e3 para praticarem desporto.\" \/>\n<meta property=\"og:url\" content=\"https:\/\/aroucehostel.pt\/en\/accommodation\/\" \/>\n<meta property=\"og:site_name\" content=\"Arouce Hostel\" \/>\n<meta property=\"article:modified_time\" content=\"2022-04-01T10:00:34+00:00\" \/>\n<meta property=\"og:image\" content=\"https:\/\/aroucehostel.pt\/wp-content\/uploads\/2020\/09\/opengraph-image.jpg\" \/>\n\t<meta property=\"og:image:width\" content=\"1200\" \/>\n\t<meta property=\"og:image:height\" content=\"630\" \/>\n<meta name=\"twitter:card\" content=\"summary_large_image\" \/>\n<meta name=\"twitter:label1\" content=\"Written by\">\n\t<meta name=\"twitter:data1\" content=\"gowebagency\">\n\t<meta name=\"twitter:label2\" content=\"Est. reading time\">\n\t<meta name=\"twitter:data2\" content=\"0 minutes\">\n<script type=\"application\/ld+json\" class=\"yoast-schema-graph\">{\"@context\":\"https:\/\/schema.org\",\"@graph\":[{\"@type\":\"Organization\",\"@id\":\"https:\/\/aroucehostel.pt\/#organization\",\"name\":\"Arouce Hostel\",\"url\":\"https:\/\/aroucehostel.pt\/\",\"sameAs\":[],\"logo\":{\"@type\":\"ImageObject\",\"@id\":\"https:\/\/aroucehostel.pt\/#logo\",\"inLanguage\":\"en-US\",\"url\":\"https:\/\/aroucehostel.pt\/wp-content\/uploads\/2020\/07\/arouce-hostel-logo-cores.png\",\"width\":842,\"height\":595,\"caption\":\"Arouce Hostel\"},\"image\":{\"@id\":\"https:\/\/aroucehostel.pt\/#logo\"}},{\"@type\":\"WebSite\",\"@id\":\"https:\/\/aroucehostel.pt\/#website\",\"url\":\"https:\/\/aroucehostel.pt\/\",\"name\":\"Arouce Hostel\",\"description\":\"\",\"publisher\":{\"@id\":\"https:\/\/aroucehostel.pt\/#organization\"},\"potentialAction\":[{\"@type\":\"SearchAction\",\"target\":\"https:\/\/aroucehostel.pt\/?s={search_term_string}\",\"query-input\":\"required name=search_term_string\"}],\"inLanguage\":\"en-US\"},{\"@type\":\"WebPage\",\"@id\":\"https:\/\/aroucehostel.pt\/en\/accommodation\/#webpage\",\"url\":\"https:\/\/aroucehostel.pt\/en\/accommodation\/\",\"name\":\"Accommodation &mdash; Arouce Hostel\",\"isPartOf\":{\"@id\":\"https:\/\/aroucehostel.pt\/#website\"},\"datePublished\":\"2021-12-29T17:02:28+00:00\",\"dateModified\":\"2022-04-01T10:00:34+00:00\",\"description\":\"O Arouce Hostel tem como objetivo dar alojamento a turistas que at\\u00e9 n\\u00f3s se deslocam e equipas e seu staff que usam a Serra da Lous\\u00e3 para praticarem desporto.\",\"inLanguage\":\"en-US\",\"potentialAction\":[{\"@type\":\"ReadAction\",\"target\":[\"https:\/\/aroucehostel.pt\/en\/accommodation\/\"]}]}]}<\/script>\n<!-- \/ Yoast SEO plugin. -->","_links":{"self":[{"href":"https:\/\/aroucehostel.pt\/en\/wp-json\/wp\/v2\/pages\/2411"}],"collection":[{"href":"https:\/\/aroucehostel.pt\/en\/wp-json\/wp\/v2\/pages"}],"about":[{"href":"https:\/\/aroucehostel.pt\/en\/wp-json\/wp\/v2\/types\/page"}],"author":[{"embeddable":true,"href":"https:\/\/aroucehostel.pt\/en\/wp-json\/wp\/v2\/users\/1"}],"replies":[{"embeddable":true,"href":"https:\/\/aroucehostel.pt\/en\/wp-json\/wp\/v2\/comments?post=2411"}],"version-history":[{"count":6,"href":"https:\/\/aroucehostel.pt\/en\/wp-json\/wp\/v2\/pages\/2411\/revisions"}],"predecessor-version":[{"id":2699,"href":"https:\/\/aroucehostel.pt\/en\/wp-json\/wp\/v2\/pages\/2411\/revisions\/2699"}],"wp:attachment":[{"href":"https:\/\/aroucehostel.pt\/en\/wp-json\/wp\/v2\/media?parent=2411"}],"curies":[{"name":"wp","href":"https:\/\/api.w.org\/{rel}","templated":true}]}}