{"id":2402,"date":"2021-12-29T17:02:16","date_gmt":"2021-12-29T17:02:16","guid":{"rendered":"https:\/\/aroucehostel.pt\/services\/"},"modified":"2022-01-03T16:48:42","modified_gmt":"2022-01-03T16:48:42","slug":"services","status":"publish","type":"page","link":"https:\/\/aroucehostel.pt\/en\/services\/","title":{"rendered":"Services"},"content":{"rendered":"<p>[vc_row][vc_column][stm_spacer height=&#8221;60&#8243; height_tablet=&#8221;60&#8243; height_mobile=&#8221;30&#8243;][vc_custom_heading text=&#8221;What do we have for you&#8221; font_container=&#8221;tag:h2|font_size:50px|text_align:center|line_height:60px&#8221; use_theme_fonts=&#8221;yes&#8221; heading_icon=&#8221;stmicon-haircut&#8221; heading_icon_color=&#8221;ttc&#8221;][vc_column_text]<\/p>\n<p style=\"text-align: center;\">We have, for you, a new cozy and modern accommodation.<br \/>\nCome and enjoy this magnificent region in comfort!<\/p>\n<p>[\/vc_column_text][stm_spacer height=&#8221;60&#8243; height_tablet=&#8221;60&#8243; height_mobile=&#8221;30&#8243;][\/vc_column][\/vc_row][vc_row full_width=&#8221;stretch_row_content_no_spaces&#8221; shadow_x_offset=&#8221;0&#8243; shadow_y_offset=&#8221;0&#8243; shadow_blur=&#8221;0&#8243; shadow_spread=&#8221;0&#8243; shadow_color=&#8221;&#8221; css=&#8221;.vc_custom_1593703181687{margin-top: 0px !important;margin-right: 15px !important;margin-left: 12px !important;padding-top: 0px !important;}&#8221;][vc_column width=&#8221;1\/2&#8243; shadow_x_offset=&#8221;0&#8243; shadow_y_offset=&#8221;0&#8243; shadow_blur=&#8221;0&#8243; shadow_spread=&#8221;0&#8243; shadow_color=&#8221;&#8221; offset=&#8221;vc_col-lg-3 vc_col-md-6 vc_col-xs-12&#8243;][stm_info_box icon=&#8221;fa fa-book&#8221; icon_size=&#8221;79&#8243; title=&#8221;Common Recreation Area&#8221; image=&#8221;1431&#8243;][\/stm_info_box][\/vc_column][vc_column width=&#8221;1\/2&#8243; shadow_x_offset=&#8221;0&#8243; shadow_y_offset=&#8221;0&#8243; shadow_blur=&#8221;0&#8243; shadow_spread=&#8221;0&#8243; shadow_color=&#8221;&#8221; offset=&#8221;vc_col-lg-3 vc_col-md-6 vc_col-xs-12&#8243;][stm_info_box icon=&#8221;fa fa-pagelines&#8221; icon_size=&#8221;84&#8243; title=&#8221;Leisure Activities&#8221; image=&#8221;1452&#8243;][\/stm_info_box][\/vc_column][vc_column width=&#8221;1\/2&#8243; shadow_x_offset=&#8221;0&#8243; shadow_y_offset=&#8221;0&#8243; shadow_blur=&#8221;0&#8243; shadow_spread=&#8221;0&#8243; shadow_color=&#8221;&#8221; offset=&#8221;vc_col-lg-3 vc_col-md-6 vc_col-xs-12&#8243;][stm_info_box icon=&#8221;stmicon-kitchen&#8221; icon_size=&#8221;80&#8243; title=&#8221;Dining Area&#8221; image=&#8221;1478&#8243;][\/stm_info_box][\/vc_column][vc_column width=&#8221;1\/2&#8243; shadow_x_offset=&#8221;0&#8243; shadow_y_offset=&#8221;0&#8243; shadow_blur=&#8221;0&#8243; shadow_spread=&#8221;0&#8243; shadow_color=&#8221;&#8221; offset=&#8221;vc_col-lg-3 vc_col-md-6 vc_col-xs-12&#8243;][stm_info_box icon=&#8221;fa fa-gift&#8221; icon_size=&#8221;80&#8243; title=&#8221;Souvenir Shop&#8221; image=&#8221;1615&#8243;][\/stm_info_box][\/vc_column][\/vc_row][vc_section][vc_row][vc_column][stm_spacer height=&#8221;80&#8243; height_tablet=&#8221;60&#8243; height_mobile=&#8221;40&#8243;][\/vc_column][\/vc_row][vc_row full_width=&#8221;stretch_row&#8221; shadow_x_offset=&#8221;0&#8243; shadow_y_offset=&#8221;0&#8243; shadow_blur=&#8221;0&#8243; shadow_spread=&#8221;0&#8243; shadow_color=&#8221;&#8221;][vc_column][vc_row_inner css=&#8221;.vc_custom_1538030529201{padding-bottom: 0px !important;}&#8221;][vc_column_inner width=&#8221;1\/4&#8243; shadow_x_offset=&#8221;0&#8243; shadow_y_offset=&#8221;0&#8243; shadow_blur=&#8221;0&#8243; shadow_spread=&#8221;0&#8243; offset=&#8221;vc_col-xs-6&#8243;][stm_spacer height=&#8221;20&#8243;][stm_icon icon_color=&#8221;ttc&#8221; icon_align=&#8221;center&#8221; height=&#8221;80&#8243; icon_styled_bg=&#8221;enable&#8221; icon=&#8221;stmicon-hotel-internet&#8221;][vc_custom_heading text=&#8221;Free Internet&#8221; font_container=&#8221;tag:h6|text_align:center&#8221; use_theme_fonts=&#8221;yes&#8221;][stm_spacer height=&#8221;20&#8243;][\/vc_column_inner][vc_column_inner width=&#8221;1\/4&#8243; shadow_x_offset=&#8221;0&#8243; shadow_y_offset=&#8221;0&#8243; shadow_blur=&#8221;0&#8243; shadow_spread=&#8221;0&#8243; offset=&#8221;vc_col-xs-6&#8243;][stm_spacer height=&#8221;20&#8243;][stm_icon icon_color=&#8221;ttc&#8221; icon_align=&#8221;center&#8221; height=&#8221;80&#8243; icon_styled_bg=&#8221;enable&#8221; icon=&#8221;stmicon-top&#8221;][vc_custom_heading text=&#8221;Tourist Information&#8221; font_container=&#8221;tag:h6|text_align:center&#8221; use_theme_fonts=&#8221;yes&#8221;][vc_column_text el_class=&#8221;goweb-info-servicos-small&#8221;]<\/p>\n<p style=\"text-align: center;\">Map of the Area and Tourist Routes.<\/p>\n<p>[\/vc_column_text][stm_spacer height=&#8221;20&#8243;][\/vc_column_inner][vc_column_inner width=&#8221;1\/4&#8243; shadow_x_offset=&#8221;0&#8243; shadow_y_offset=&#8221;0&#8243; shadow_blur=&#8221;0&#8243; shadow_spread=&#8221;0&#8243; offset=&#8221;vc_col-xs-6&#8243;][stm_spacer height=&#8221;20&#8243;][stm_icon icon_color=&#8221;ttc&#8221; icon_align=&#8221;center&#8221; height=&#8221;80&#8243; icon_styled_bg=&#8221;enable&#8221; icon=&#8221;stmicon-television&#8221;][vc_custom_heading text=&#8221;Power Adapters&#8221; font_container=&#8221;tag:h6|text_align:center&#8221; use_theme_fonts=&#8221;yes&#8221;][stm_spacer height=&#8221;20&#8243;][\/vc_column_inner][vc_column_inner width=&#8221;1\/4&#8243; shadow_x_offset=&#8221;0&#8243; shadow_y_offset=&#8221;0&#8243; shadow_blur=&#8221;0&#8243; shadow_spread=&#8221;0&#8243; offset=&#8221;vc_col-xs-6&#8243;][stm_spacer height=&#8221;20&#8243;][stm_icon icon_color=&#8221;ttc&#8221; icon_align=&#8221;center&#8221; height=&#8221;70&#8243; icon_styled_bg=&#8221;enable&#8221; icon=&#8221;stmicon-hotel_air-conditioner&#8221;][vc_custom_heading text=&#8221;Air conditioning&#8221; font_container=&#8221;tag:h6|text_align:center&#8221; use_theme_fonts=&#8221;yes&#8221;][stm_spacer height=&#8221;20&#8243;][\/vc_column_inner][\/vc_row_inner][\/vc_column][\/vc_row][vc_row full_width=&#8221;stretch_row&#8221; shadow_x_offset=&#8221;0&#8243; shadow_y_offset=&#8221;0&#8243; shadow_blur=&#8221;0&#8243; shadow_spread=&#8221;0&#8243; shadow_color=&#8221;&#8221;][vc_column][vc_row_inner css=&#8221;.vc_custom_1538030529201{padding-bottom: 0px !important;}&#8221;][vc_column_inner width=&#8221;1\/4&#8243; shadow_x_offset=&#8221;0&#8243; shadow_y_offset=&#8221;0&#8243; shadow_blur=&#8221;0&#8243; shadow_spread=&#8221;0&#8243; offset=&#8221;vc_col-xs-6&#8243;][stm_spacer height=&#8221;20&#8243;][stm_icon icon_color=&#8221;ttc&#8221; icon_align=&#8221;center&#8221; height=&#8221;80&#8243; icon_styled_bg=&#8221;enable&#8221; icon=&#8221;fa fa-television&#8221;][vc_custom_heading text=&#8221;Cable TV&#8221; font_container=&#8221;tag:h6|text_align:center&#8221; use_theme_fonts=&#8221;yes&#8221;][stm_spacer height=&#8221;20&#8243;][\/vc_column_inner][vc_column_inner width=&#8221;1\/4&#8243; shadow_x_offset=&#8221;0&#8243; shadow_y_offset=&#8221;0&#8243; shadow_blur=&#8221;0&#8243; shadow_spread=&#8221;0&#8243; offset=&#8221;vc_col-xs-6&#8243;][stm_spacer height=&#8221;20&#8243;][stm_icon icon_color=&#8221;ttc&#8221; icon_align=&#8221;center&#8221; height=&#8221;80&#8243; icon_styled_bg=&#8221;enable&#8221; icon=&#8221;stmicon-hotel_shower&#8221;][vc_custom_heading text=&#8221;Hot Shower&#8221; font_container=&#8221;tag:h6|text_align:center&#8221; use_theme_fonts=&#8221;yes&#8221;][stm_spacer height=&#8221;20&#8243;][\/vc_column_inner][vc_column_inner width=&#8221;1\/4&#8243; shadow_x_offset=&#8221;0&#8243; shadow_y_offset=&#8221;0&#8243; shadow_blur=&#8221;0&#8243; shadow_spread=&#8221;0&#8243; offset=&#8221;vc_col-xs-6&#8243;][stm_spacer height=&#8221;20&#8243;][stm_icon icon_color=&#8221;ttc&#8221; icon_align=&#8221;center&#8221; height=&#8221;80&#8243; icon_styled_bg=&#8221;enable&#8221; icon=&#8221;stmicon-hotel_vacuum-cleaner&#8221;][vc_custom_heading text=&#8221;Cleaning and Sanitation Services&#8221; font_container=&#8221;tag:h6|text_align:center&#8221; use_theme_fonts=&#8221;yes&#8221;][stm_spacer height=&#8221;20&#8243;][\/vc_column_inner][vc_column_inner width=&#8221;1\/4&#8243; shadow_x_offset=&#8221;0&#8243; shadow_y_offset=&#8221;0&#8243; shadow_blur=&#8221;0&#8243; shadow_spread=&#8221;0&#8243; offset=&#8221;vc_col-xs-6&#8243;][stm_spacer height=&#8221;20&#8243;][stm_icon icon_color=&#8221;ttc&#8221; icon_align=&#8221;center&#8221; height=&#8221;70&#8243; icon_styled_bg=&#8221;enable&#8221; icon=&#8221;stmicon-credit_card&#8221;][vc_custom_heading text=&#8221;Room Key-Card&#8221; font_container=&#8221;tag:h6|text_align:center&#8221; use_theme_fonts=&#8221;yes&#8221;][stm_spacer height=&#8221;20&#8243;][\/vc_column_inner][\/vc_row_inner][\/vc_column][\/vc_row][vc_row full_width=&#8221;stretch_row&#8221; shadow_x_offset=&#8221;0&#8243; shadow_y_offset=&#8221;0&#8243; shadow_blur=&#8221;0&#8243; shadow_spread=&#8221;0&#8243; shadow_color=&#8221;&#8221;][vc_column][vc_row_inner css=&#8221;.vc_custom_1538030529201{padding-bottom: 0px !important;}&#8221;][vc_column_inner width=&#8221;1\/4&#8243; shadow_x_offset=&#8221;0&#8243; shadow_y_offset=&#8221;0&#8243; shadow_blur=&#8221;0&#8243; shadow_spread=&#8221;0&#8243; offset=&#8221;vc_col-xs-6&#8243;][stm_spacer height=&#8221;20&#8243;][stm_icon icon_color=&#8221;ttc&#8221; icon_align=&#8221;center&#8221; height=&#8221;80&#8243; icon_styled_bg=&#8221;enable&#8221; icon=&#8221;stmicon-lock_open&#8221;][vc_custom_heading text=&#8221;Individual Lockers with Padlock&#8221; font_container=&#8221;tag:h6|text_align:center&#8221; use_theme_fonts=&#8221;yes&#8221;][stm_spacer height=&#8221;20&#8243;][\/vc_column_inner][vc_column_inner width=&#8221;1\/4&#8243; shadow_x_offset=&#8221;0&#8243; shadow_y_offset=&#8221;0&#8243; shadow_blur=&#8221;0&#8243; shadow_spread=&#8221;0&#8243; offset=&#8221;vc_col-xs-6&#8243;][stm_spacer height=&#8221;20&#8243;][stm_icon icon_color=&#8221;ttc&#8221; icon_align=&#8221;center&#8221; height=&#8221;80&#8243; icon_styled_bg=&#8221;enable&#8221; icon=&#8221;stmicon-highlight&#8221;][vc_custom_heading text=&#8221;Individual Reading Light in in the bunks&#8221; font_container=&#8221;tag:h6|text_align:center&#8221; use_theme_fonts=&#8221;yes&#8221;][stm_spacer height=&#8221;20&#8243;][\/vc_column_inner][vc_column_inner width=&#8221;1\/4&#8243; shadow_x_offset=&#8221;0&#8243; shadow_y_offset=&#8221;0&#8243; shadow_blur=&#8221;0&#8243; shadow_spread=&#8221;0&#8243; offset=&#8221;vc_col-xs-6&#8243;][stm_spacer height=&#8221;20&#8243;][stm_icon icon_color=&#8221;ttc&#8221; icon_align=&#8221;center&#8221; height=&#8221;80&#8243; icon_styled_bg=&#8221;enable&#8221; icon=&#8221;fa fa-tint&#8221;][vc_custom_heading text=&#8221;Washing Machine&#8221; font_container=&#8221;tag:h6|text_align:center&#8221; use_theme_fonts=&#8221;yes&#8221;][stm_spacer height=&#8221;20&#8243;][\/vc_column_inner][vc_column_inner width=&#8221;1\/4&#8243; shadow_x_offset=&#8221;0&#8243; shadow_y_offset=&#8221;0&#8243; shadow_blur=&#8221;0&#8243; shadow_spread=&#8221;0&#8243; offset=&#8221;vc_col-xs-6&#8243;][stm_spacer height=&#8221;20&#8243;][stm_icon icon_color=&#8221;ttc&#8221; icon_align=&#8221;center&#8221; height=&#8221;70&#8243; icon_styled_bg=&#8221;enable&#8221; icon=&#8221;stmicon-hotel_coffee&#8221;][vc_custom_heading text=&#8221;Tea and Coffee Making Area&#8221; font_container=&#8221;tag:h6|text_align:center&#8221; use_theme_fonts=&#8221;yes&#8221;][stm_spacer height=&#8221;20&#8243;][\/vc_column_inner][\/vc_row_inner][\/vc_column][\/vc_row][vc_row full_width=&#8221;stretch_row&#8221; shadow_x_offset=&#8221;0&#8243; shadow_y_offset=&#8221;0&#8243; shadow_blur=&#8221;0&#8243; shadow_spread=&#8221;0&#8243; shadow_color=&#8221;&#8221;][vc_column][vc_row_inner css=&#8221;.vc_custom_1538030529201{padding-bottom: 0px !important;}&#8221;][vc_column_inner width=&#8221;1\/4&#8243; shadow_x_offset=&#8221;0&#8243; shadow_y_offset=&#8221;0&#8243; shadow_blur=&#8221;0&#8243; shadow_spread=&#8221;0&#8243; offset=&#8221;vc_col-xs-6&#8243;][stm_spacer height=&#8221;20&#8243;][stm_icon icon_color=&#8221;ttc&#8221; icon_align=&#8221;center&#8221; height=&#8221;80&#8243; icon_styled_bg=&#8221;enable&#8221; icon=&#8221;stmicon-hotel-parking&#8221;][vc_custom_heading text=&#8221;Parking&#8221; font_container=&#8221;tag:h6|text_align:center&#8221; use_theme_fonts=&#8221;yes&#8221;][stm_spacer height=&#8221;20&#8243;][\/vc_column_inner][vc_column_inner width=&#8221;1\/4&#8243; shadow_x_offset=&#8221;0&#8243; shadow_y_offset=&#8221;0&#8243; shadow_blur=&#8221;0&#8243; shadow_spread=&#8221;0&#8243; offset=&#8221;vc_col-xs-6&#8243;][stm_spacer height=&#8221;20&#8243;][stm_icon icon_color=&#8221;ttc&#8221; icon_align=&#8221;center&#8221; height=&#8221;80&#8243; icon_styled_bg=&#8221;enable&#8221; icon=&#8221;fa fa-map-o&#8221;][vc_custom_heading text=&#8221;Travel Support&#8221; font_container=&#8221;tag:h6|text_align:center&#8221; use_theme_fonts=&#8221;yes&#8221;][vc_column_text el_class=&#8221;goweb-info-servicos-small&#8221;]<\/p>\n<p style=\"text-align: center;\">Guided Tours.<\/p>\n<p>[\/vc_column_text][stm_spacer height=&#8221;20&#8243;][\/vc_column_inner][vc_column_inner width=&#8221;1\/4&#8243; shadow_x_offset=&#8221;0&#8243; shadow_y_offset=&#8221;0&#8243; shadow_blur=&#8221;0&#8243; shadow_spread=&#8221;0&#8243; offset=&#8221;vc_col-xs-6&#8243;][stm_spacer height=&#8221;20&#8243;][stm_icon icon_color=&#8221;ttc&#8221; icon_align=&#8221;center&#8221; height=&#8221;80&#8243; icon_styled_bg=&#8221;enable&#8221; icon=&#8221;stmicon-wb_cloudy&#8221;][vc_custom_heading text=&#8221;Individual Balconies&#8221; font_container=&#8221;tag:h6|text_align:center&#8221; use_theme_fonts=&#8221;yes&#8221;][vc_column_text el_class=&#8221;goweb-info-servicos-small&#8221;]<\/p>\n<p style=\"text-align: center;\">With view to the Mountain or Valley<\/p>\n<p>[\/vc_column_text][stm_spacer height=&#8221;20&#8243;][\/vc_column_inner][vc_column_inner width=&#8221;1\/4&#8243; shadow_x_offset=&#8221;0&#8243; shadow_y_offset=&#8221;0&#8243; shadow_blur=&#8221;0&#8243; shadow_spread=&#8221;0&#8243; offset=&#8221;vc_col-xs-6&#8243;][stm_spacer height=&#8221;20&#8243;][stm_icon icon_color=&#8221;ttc&#8221; icon_align=&#8221;center&#8221; height=&#8221;70&#8243; icon_styled_bg=&#8221;enable&#8221; icon=&#8221;stmicon-local_car_wash&#8221;][vc_custom_heading text=&#8221;Washing Area&#8221; font_container=&#8221;tag:h6|text_align:center&#8221; use_theme_fonts=&#8221;yes&#8221;][vc_column_text el_class=&#8221;goweb-info-servicos-small&#8221;]<\/p>\n<p style=\"text-align: center;\">Zone for Washing and Maintenance of Bicycles\/Motorbikes<\/p>\n<p>[\/vc_column_text][stm_spacer height=&#8221;20&#8243;][\/vc_column_inner][\/vc_row_inner][\/vc_column][\/vc_row][vc_row][vc_column][stm_spacer height=&#8221;80&#8243; height_tablet=&#8221;60&#8243; height_mobile=&#8221;40&#8243;][\/vc_column][\/vc_row][\/vc_section][vc_section css=&#8221;.vc_custom_1537946414736{margin-bottom: -60px !important;padding-top: 0px !important;}&#8221;][vc_row full_width=&#8221;stretch_row&#8221; shadow_x_offset=&#8221;0&#8243; shadow_y_offset=&#8221;0&#8243; shadow_blur=&#8221;0&#8243; shadow_spread=&#8221;0&#8243; shadow_color=&#8221;&#8221; css=&#8221;.vc_custom_1593782441191{background-image: url(https:\/\/aroucehostel.pt\/wp-content\/uploads\/2020\/07\/arouce-hostel-banner-cta-fundo-historia-da-casa.jpg?id=1431) !important;}&#8221; el_class=&#8221;fixed_bg&#8221;][vc_column css_animation=&#8221;none&#8221; shadow_x_offset=&#8221;0&#8243; shadow_y_offset=&#8221;0&#8243; shadow_blur=&#8221;0&#8243; shadow_spread=&#8221;0&#8243; shadow_color=&#8221;&#8221; offset=&#8221;vc_col-lg-offset-2 vc_col-lg-8 vc_col-md-offset-2 vc_col-md-8 vc_col-xs-12&#8243;][stm_spacer height=&#8221;188&#8243; height_tablet=&#8221;120&#8243; height_mobile=&#8221;110&#8243;][vc_custom_heading text=&#8221;Come visit us!&#8221; font_container=&#8221;tag:h3|font_size:72|text_align:center|color:%23ffffff|line_height:80px&#8221; use_theme_fonts=&#8221;yes&#8221; heading_icon=&#8221;stmicon-haircut&#8221; heading_icon_color=&#8221;custom&#8221; heading_icon_custom_color=&#8221;#ffffff&#8221; css=&#8221;.vc_custom_1593784295959{margin-top: 10px !important;margin-bottom: 40px !important;}&#8221;][vc_column_text el_class=&#8221;goweb-cor-texto-branco&#8221;]<\/p>\n<p style=\"text-align: center;\">We have, for you, a new cozy and modern accommodation.<br \/>\nCome and enjoy this magnificent region in comfort!<\/p>\n<p>[\/vc_column_text][stm_spacer height=&#8221;30&#8243; height_tablet=&#8221;30&#8243; height_mobile=&#8221;30&#8243;][vc_btn title=&#8221;History of the House&#8221; shape=&#8221;square&#8221; align=&#8221;center&#8221; link=&#8221;url:https%3A%2F%2Faroucehostel.pt%2Fen%2Fhistory-of-the-house%2F|title:History%20of%20the%20House|&#8221;][stm_spacer height=&#8221;142&#8243; height_tablet=&#8221;130&#8243; height_mobile=&#8221;70&#8243;][\/vc_column][\/vc_row][\/vc_section]<\/p>\n","protected":false},"excerpt":{"rendered":"<p>[vc_row][vc_column][stm_spacer height=&#8221;60&#8243; height_tablet=&#8221;60&#8243; height_mobile=&#8221;30&#8243;][vc_custom_heading text=&#8221;What do we have for you&#8221; font_container=&#8221;tag:h2|font_size:50px|text_align:center|line_height:60px&#8221; use_theme_fonts=&#8221;yes&#8221; heading_icon=&#8221;stmicon-haircut&#8221; heading_icon_color=&#8221;ttc&#8221;][vc_column_text] We have, for you, a new cozy and modern accommodation. Come and enjoy this magnificent region in comfort! [\/vc_column_text][stm_spacer height=&#8221;60&#8243; height_tablet=&#8221;60&#8243; height_mobile=&#8221;30&#8243;][\/vc_column][\/vc_row][vc_row full_width=&#8221;stretch_row_content_no_spaces&#8221; shadow_x_offset=&#8221;0&#8243; shadow_y_offset=&#8221;0&#8243; shadow_blur=&#8221;0&#8243; shadow_spread=&#8221;0&#8243; shadow_color=&#8221;&#8221; css=&#8221;.vc_custom_1593703181687{margin-top: 0px !important;margin-right: 15px !important;margin-left: 12px !important;padding-top: 0px !important;}&#8221;][vc_column width=&#8221;1\/2&#8243; shadow_x_offset=&#8221;0&#8243; shadow_y_offset=&#8221;0&#8243; shadow_blur=&#8221;0&#8243; [&hellip;]<\/p>\n","protected":false},"author":1,"featured_media":0,"parent":0,"menu_order":40,"comment_status":"closed","ping_status":"closed","template":"","meta":[],"yoast_head":"<!-- This site is optimized with the Yoast SEO plugin v15.4 - https:\/\/yoast.com\/wordpress\/plugins\/seo\/ -->\n<title>Services &mdash; Arouce Hostel<\/title>\n<meta name=\"description\" content=\"O Arouce Hostel tem como objetivo dar alojamento a turistas que at\u00e9 n\u00f3s se deslocam e equipas e seu staff que usam a Serra da Lous\u00e3 para praticarem desporto.\" \/>\n<meta name=\"robots\" content=\"index, follow, max-snippet:-1, max-image-preview:large, max-video-preview:-1\" \/>\n<link rel=\"canonical\" href=\"https:\/\/aroucehostel.pt\/en\/services\/\" \/>\n<meta property=\"og:locale\" content=\"en_US\" \/>\n<meta property=\"og:type\" content=\"article\" \/>\n<meta property=\"og:title\" content=\"Services &mdash; Arouce Hostel\" \/>\n<meta property=\"og:description\" content=\"O Arouce Hostel tem como objetivo dar alojamento a turistas que at\u00e9 n\u00f3s se deslocam e equipas e seu staff que usam a Serra da Lous\u00e3 para praticarem desporto.\" \/>\n<meta property=\"og:url\" content=\"https:\/\/aroucehostel.pt\/en\/services\/\" \/>\n<meta property=\"og:site_name\" content=\"Arouce Hostel\" \/>\n<meta property=\"article:modified_time\" content=\"2022-01-03T16:48:42+00:00\" \/>\n<meta property=\"og:image\" content=\"https:\/\/aroucehostel.pt\/wp-content\/uploads\/2020\/09\/opengraph-image.jpg\" \/>\n\t<meta property=\"og:image:width\" content=\"1200\" \/>\n\t<meta property=\"og:image:height\" content=\"630\" \/>\n<meta name=\"twitter:card\" content=\"summary_large_image\" \/>\n<meta name=\"twitter:label1\" content=\"Written by\">\n\t<meta name=\"twitter:data1\" content=\"gowebagency\">\n\t<meta name=\"twitter:label2\" content=\"Est. reading time\">\n\t<meta name=\"twitter:data2\" content=\"7 minutes\">\n<script type=\"application\/ld+json\" class=\"yoast-schema-graph\">{\"@context\":\"https:\/\/schema.org\",\"@graph\":[{\"@type\":\"Organization\",\"@id\":\"https:\/\/aroucehostel.pt\/#organization\",\"name\":\"Arouce Hostel\",\"url\":\"https:\/\/aroucehostel.pt\/\",\"sameAs\":[],\"logo\":{\"@type\":\"ImageObject\",\"@id\":\"https:\/\/aroucehostel.pt\/#logo\",\"inLanguage\":\"en-US\",\"url\":\"https:\/\/aroucehostel.pt\/wp-content\/uploads\/2020\/07\/arouce-hostel-logo-cores.png\",\"width\":842,\"height\":595,\"caption\":\"Arouce Hostel\"},\"image\":{\"@id\":\"https:\/\/aroucehostel.pt\/#logo\"}},{\"@type\":\"WebSite\",\"@id\":\"https:\/\/aroucehostel.pt\/#website\",\"url\":\"https:\/\/aroucehostel.pt\/\",\"name\":\"Arouce Hostel\",\"description\":\"\",\"publisher\":{\"@id\":\"https:\/\/aroucehostel.pt\/#organization\"},\"potentialAction\":[{\"@type\":\"SearchAction\",\"target\":\"https:\/\/aroucehostel.pt\/?s={search_term_string}\",\"query-input\":\"required name=search_term_string\"}],\"inLanguage\":\"en-US\"},{\"@type\":\"WebPage\",\"@id\":\"https:\/\/aroucehostel.pt\/en\/services\/#webpage\",\"url\":\"https:\/\/aroucehostel.pt\/en\/services\/\",\"name\":\"Services &mdash; Arouce Hostel\",\"isPartOf\":{\"@id\":\"https:\/\/aroucehostel.pt\/#website\"},\"datePublished\":\"2021-12-29T17:02:16+00:00\",\"dateModified\":\"2022-01-03T16:48:42+00:00\",\"description\":\"O Arouce Hostel tem como objetivo dar alojamento a turistas que at\\u00e9 n\\u00f3s se deslocam e equipas e seu staff que usam a Serra da Lous\\u00e3 para praticarem desporto.\",\"inLanguage\":\"en-US\",\"potentialAction\":[{\"@type\":\"ReadAction\",\"target\":[\"https:\/\/aroucehostel.pt\/en\/services\/\"]}]}]}<\/script>\n<!-- \/ Yoast SEO plugin. -->","_links":{"self":[{"href":"https:\/\/aroucehostel.pt\/en\/wp-json\/wp\/v2\/pages\/2402"}],"collection":[{"href":"https:\/\/aroucehostel.pt\/en\/wp-json\/wp\/v2\/pages"}],"about":[{"href":"https:\/\/aroucehostel.pt\/en\/wp-json\/wp\/v2\/types\/page"}],"author":[{"embeddable":true,"href":"https:\/\/aroucehostel.pt\/en\/wp-json\/wp\/v2\/users\/1"}],"replies":[{"embeddable":true,"href":"https:\/\/aroucehostel.pt\/en\/wp-json\/wp\/v2\/comments?post=2402"}],"version-history":[{"count":10,"href":"https:\/\/aroucehostel.pt\/en\/wp-json\/wp\/v2\/pages\/2402\/revisions"}],"predecessor-version":[{"id":2567,"href":"https:\/\/aroucehostel.pt\/en\/wp-json\/wp\/v2\/pages\/2402\/revisions\/2567"}],"wp:attachment":[{"href":"https:\/\/aroucehostel.pt\/en\/wp-json\/wp\/v2\/media?parent=2402"}],"curies":[{"name":"wp","href":"https:\/\/api.w.org\/{rel}","templated":true}]}}