{"id":2394,"date":"2021-12-29T17:02:05","date_gmt":"2021-12-29T17:02:05","guid":{"rendered":"https:\/\/aroucehostel.pt\/gallery\/"},"modified":"2025-07-13T18:26:58","modified_gmt":"2025-07-13T18:26:58","slug":"gallery","status":"publish","type":"page","link":"https:\/\/aroucehostel.pt\/en\/gallery\/","title":{"rendered":"Gallery"},"content":{"rendered":"<p>[vc_row][vc_column][stm_images_gallery_with_categories images=&#8221;%5B%7B%22category%22%3A%22The%20Hostel%22%2C%22images_array%22%3A%221396%2C1398%2C1402%2C1404%2C1998%2C1997%22%7D%2C%7B%22category%22%3A%22Region%22%2C%22images_array%22%3A%221473%2C1472%2C1471%2C1470%2C1469%2C1468%22%7D%2C%7B%22category%22%3A%22Activities%22%2C%22images_array%22%3A%221926%2C1927%2C1928%2C1929%2C1930%2C1931%2C1932%2C1933%2C1934%2C1935%2C1936%22%7D%5D&#8221; number=&#8221;12&#8243; img_size=&#8221;700&#215;480&#8243; custom_class=&#8221;sm_mgt_0&#8243;][vc_empty_space height=&#8221;100px&#8221;][\/vc_column][\/vc_row]<\/p>\n","protected":false},"excerpt":{"rendered":"<p>[vc_row][vc_column][stm_images_gallery_with_categories images=&#8221;%5B%7B%22category%22%3A%22The%20Hostel%22%2C%22images_array%22%3A%221396%2C1398%2C1402%2C1404%2C1998%2C1997%22%7D%2C%7B%22category%22%3A%22Region%22%2C%22images_array%22%3A%221473%2C1472%2C1471%2C1470%2C1469%2C1468%22%7D%2C%7B%22category%22%3A%22Activities%22%2C%22images_array%22%3A%221926%2C1927%2C1928%2C1929%2C1930%2C1931%2C1932%2C1933%2C1934%2C1935%2C1936%22%7D%5D&#8221; number=&#8221;12&#8243; img_size=&#8221;700&#215;480&#8243; custom_class=&#8221;sm_mgt_0&#8243;][vc_empty_space height=&#8221;100px&#8221;][\/vc_column][\/vc_row]<\/p>\n","protected":false},"author":1,"featured_media":3910,"parent":0,"menu_order":30,"comment_status":"closed","ping_status":"closed","template":"","meta":[],"yoast_head":"<!-- This site is optimized with the Yoast SEO plugin v15.4 - https:\/\/yoast.com\/wordpress\/plugins\/seo\/ -->\n<title>Gallery &mdash; Arouce Hostel<\/title>\n<meta name=\"description\" content=\"O Arouce Hostel tem como objetivo dar alojamento a turistas que at\u00e9 n\u00f3s se deslocam e equipas e seu staff que usam a Serra da Lous\u00e3 para praticarem desporto.\" \/>\n<meta name=\"robots\" content=\"index, follow, max-snippet:-1, max-image-preview:large, max-video-preview:-1\" \/>\n<link rel=\"canonical\" href=\"https:\/\/aroucehostel.pt\/en\/gallery\/\" \/>\n<meta property=\"og:locale\" content=\"en_US\" \/>\n<meta property=\"og:type\" content=\"article\" \/>\n<meta property=\"og:title\" content=\"Gallery &mdash; Arouce Hostel\" \/>\n<meta property=\"og:description\" content=\"O Arouce Hostel tem como objetivo dar alojamento a turistas que at\u00e9 n\u00f3s se deslocam e equipas e seu staff que usam a Serra da Lous\u00e3 para praticarem desporto.\" \/>\n<meta property=\"og:url\" content=\"https:\/\/aroucehostel.pt\/en\/gallery\/\" \/>\n<meta property=\"og:site_name\" content=\"Arouce Hostel\" \/>\n<meta property=\"article:modified_time\" content=\"2025-07-13T18:26:58+00:00\" \/>\n<meta property=\"og:image\" content=\"https:\/\/aroucehostel.pt\/wp-content\/uploads\/2025\/07\/20250608_084750-min-scaled.jpg\" \/>\n\t<meta property=\"og:image:width\" content=\"1915\" \/>\n\t<meta property=\"og:image:height\" content=\"2560\" \/>\n<meta name=\"twitter:card\" content=\"summary_large_image\" \/>\n<meta name=\"twitter:label1\" content=\"Written by\">\n\t<meta name=\"twitter:data1\" content=\"gowebagency\">\n\t<meta name=\"twitter:label2\" content=\"Est. reading time\">\n\t<meta name=\"twitter:data2\" content=\"0 minutes\">\n<script type=\"application\/ld+json\" class=\"yoast-schema-graph\">{\"@context\":\"https:\/\/schema.org\",\"@graph\":[{\"@type\":\"Organization\",\"@id\":\"https:\/\/aroucehostel.pt\/#organization\",\"name\":\"Arouce Hostel\",\"url\":\"https:\/\/aroucehostel.pt\/\",\"sameAs\":[],\"logo\":{\"@type\":\"ImageObject\",\"@id\":\"https:\/\/aroucehostel.pt\/#logo\",\"inLanguage\":\"en-US\",\"url\":\"https:\/\/aroucehostel.pt\/wp-content\/uploads\/2020\/07\/arouce-hostel-logo-cores.png\",\"width\":842,\"height\":595,\"caption\":\"Arouce Hostel\"},\"image\":{\"@id\":\"https:\/\/aroucehostel.pt\/#logo\"}},{\"@type\":\"WebSite\",\"@id\":\"https:\/\/aroucehostel.pt\/#website\",\"url\":\"https:\/\/aroucehostel.pt\/\",\"name\":\"Arouce Hostel\",\"description\":\"\",\"publisher\":{\"@id\":\"https:\/\/aroucehostel.pt\/#organization\"},\"potentialAction\":[{\"@type\":\"SearchAction\",\"target\":\"https:\/\/aroucehostel.pt\/?s={search_term_string}\",\"query-input\":\"required name=search_term_string\"}],\"inLanguage\":\"en-US\"},{\"@type\":\"ImageObject\",\"@id\":\"https:\/\/aroucehostel.pt\/en\/gallery\/#primaryimage\",\"inLanguage\":\"en-US\",\"url\":\"https:\/\/aroucehostel.pt\/wp-content\/uploads\/2025\/07\/20250608_084750-min-scaled.jpg\",\"width\":1915,\"height\":2560},{\"@type\":\"WebPage\",\"@id\":\"https:\/\/aroucehostel.pt\/en\/gallery\/#webpage\",\"url\":\"https:\/\/aroucehostel.pt\/en\/gallery\/\",\"name\":\"Gallery &mdash; Arouce Hostel\",\"isPartOf\":{\"@id\":\"https:\/\/aroucehostel.pt\/#website\"},\"primaryImageOfPage\":{\"@id\":\"https:\/\/aroucehostel.pt\/en\/gallery\/#primaryimage\"},\"datePublished\":\"2021-12-29T17:02:05+00:00\",\"dateModified\":\"2025-07-13T18:26:58+00:00\",\"description\":\"O Arouce Hostel tem como objetivo dar alojamento a turistas que at\\u00e9 n\\u00f3s se deslocam e equipas e seu staff que usam a Serra da Lous\\u00e3 para praticarem desporto.\",\"inLanguage\":\"en-US\",\"potentialAction\":[{\"@type\":\"ReadAction\",\"target\":[\"https:\/\/aroucehostel.pt\/en\/gallery\/\"]}]}]}<\/script>\n<!-- \/ Yoast SEO plugin. -->","_links":{"self":[{"href":"https:\/\/aroucehostel.pt\/en\/wp-json\/wp\/v2\/pages\/2394"}],"collection":[{"href":"https:\/\/aroucehostel.pt\/en\/wp-json\/wp\/v2\/pages"}],"about":[{"href":"https:\/\/aroucehostel.pt\/en\/wp-json\/wp\/v2\/types\/page"}],"author":[{"embeddable":true,"href":"https:\/\/aroucehostel.pt\/en\/wp-json\/wp\/v2\/users\/1"}],"replies":[{"embeddable":true,"href":"https:\/\/aroucehostel.pt\/en\/wp-json\/wp\/v2\/comments?post=2394"}],"version-history":[{"count":4,"href":"https:\/\/aroucehostel.pt\/en\/wp-json\/wp\/v2\/pages\/2394\/revisions"}],"predecessor-version":[{"id":2535,"href":"https:\/\/aroucehostel.pt\/en\/wp-json\/wp\/v2\/pages\/2394\/revisions\/2535"}],"wp:featuredmedia":[{"embeddable":true,"href":"https:\/\/aroucehostel.pt\/en\/wp-json\/wp\/v2\/media\/3910"}],"wp:attachment":[{"href":"https:\/\/aroucehostel.pt\/en\/wp-json\/wp\/v2\/media?parent=2394"}],"curies":[{"name":"wp","href":"https:\/\/api.w.org\/{rel}","templated":true}]}}