{"id":2375,"date":"2021-12-29T17:01:17","date_gmt":"2021-12-29T17:01:17","guid":{"rendered":"https:\/\/aroucehostel.pt\/how-to-get-there\/"},"modified":"2021-12-30T16:30:35","modified_gmt":"2021-12-30T16:30:35","slug":"how-to-get-here","status":"publish","type":"page","link":"https:\/\/aroucehostel.pt\/en\/how-to-get-here\/","title":{"rendered":"How to get here"},"content":{"rendered":"<p>[vc_row][vc_column css_animation=&#8221;fadeInUp&#8221; shadow_x_offset=&#8221;0&#8243; shadow_y_offset=&#8221;0&#8243; shadow_blur=&#8221;0&#8243; shadow_spread=&#8221;0&#8243;][vc_custom_heading text=&#8221;Car&#8221; font_container=&#8221;tag:h2|font_size:40px|text_align:left|line_height:35px&#8221; use_theme_fonts=&#8221;yes&#8221; css_animation=&#8221;fadeInUp&#8221; heading_icon=&#8221;fa fa-car&#8221; heading_icon_pos=&#8221;left&#8221; heading_icon_color=&#8221;custom&#8221; heading_icon_custom_color=&#8221;#87afac&#8221;][vc_column_text css_animation=&#8221;none&#8221;]If you have decided to come in your vehicle, you have several alternatives:<\/p>\n<p>\u2013 You can take the picturesque N17, better known as \u201cEstrada da Beira\u201d, towards Lous\u00e3, exiting at the Foz de Arouce branch, about 3 km from the center of the village.<\/p>\n<p>\u2013 You can take the A13, towards Miranda do Corvo, then take the bypass to the N342 towards Lous\u00e3.\u00a0At the first roundabout, take Rua de Coimbra and on the Lous\u00e3 exit, take the N236 towards Foz de Arouce[\/vc_column_text][stm_spacer height=&#8221;60&#8243; height_tablet=&#8221;60&#8243; height_mobile=&#8221;60&#8243;][\/vc_column][\/vc_row][vc_row][vc_column css_animation=&#8221;fadeInUp&#8221; shadow_x_offset=&#8221;0&#8243; shadow_y_offset=&#8221;0&#8243; shadow_blur=&#8221;0&#8243; shadow_spread=&#8221;0&#8243;][vc_custom_heading text=&#8221;Train&#8221; font_container=&#8221;tag:h2|font_size:40px|text_align:left|line_height:35px&#8221; use_theme_fonts=&#8221;yes&#8221; css_animation=&#8221;fadeInUp&#8221; heading_icon=&#8221;fa fa-train&#8221; heading_icon_pos=&#8221;left&#8221; heading_icon_color=&#8221;custom&#8221; heading_icon_custom_color=&#8221;#87afac&#8221;][vc_column_text css_animation=&#8221;none&#8221;]The 100-year-old train line on the Lous\u00e3 branch was, in times of crisis, replaced by a bus and never returned.<\/p>\n<p>The service is now provided by buses that take a similar route and run every 30 minutes between Lous\u00e3 and Coimbra.<\/p>\n<p>From Lous\u00e3, the transfer to the hostel can be made by taxi.[\/vc_column_text][stm_spacer height=&#8221;60&#8243; height_tablet=&#8221;60&#8243; height_mobile=&#8221;60&#8243;][\/vc_column][\/vc_row][vc_row][vc_column css_animation=&#8221;fadeInUp&#8221; shadow_x_offset=&#8221;0&#8243; shadow_y_offset=&#8221;0&#8243; shadow_blur=&#8221;0&#8243; shadow_spread=&#8221;0&#8243;][vc_custom_heading text=&#8221;Bus&#8221; font_container=&#8221;tag:h2|font_size:40px|text_align:left|line_height:35px&#8221; use_theme_fonts=&#8221;yes&#8221; css_animation=&#8221;fadeInUp&#8221; heading_icon=&#8221;fa fa-bus&#8221; heading_icon_pos=&#8221;left&#8221; heading_icon_color=&#8221;custom&#8221; heading_icon_custom_color=&#8221;#87afac&#8221;][vc_column_text css_animation=&#8221;none&#8221;]The national bus service leaves Coimbra and heads towards Lous\u00e3, passing by the door of Aroucehostel and stopping about 100m away.<\/p>\n<p>The distance from Coimbra to the hostel is about 30km and takes 45min.[\/vc_column_text][\/vc_column][\/vc_row][vc_row][vc_column][stm_spacer height=&#8221;80&#8243; height_tablet=&#8221;60&#8243; height_mobile=&#8221;30&#8243;][\/vc_column][\/vc_row]<\/p>\n","protected":false},"excerpt":{"rendered":"<p>[vc_row][vc_column css_animation=&#8221;fadeInUp&#8221; shadow_x_offset=&#8221;0&#8243; shadow_y_offset=&#8221;0&#8243; shadow_blur=&#8221;0&#8243; shadow_spread=&#8221;0&#8243;][vc_custom_heading text=&#8221;Car&#8221; font_container=&#8221;tag:h2|font_size:40px|text_align:left|line_height:35px&#8221; use_theme_fonts=&#8221;yes&#8221; css_animation=&#8221;fadeInUp&#8221; heading_icon=&#8221;fa fa-car&#8221; heading_icon_pos=&#8221;left&#8221; heading_icon_color=&#8221;custom&#8221; heading_icon_custom_color=&#8221;#87afac&#8221;][vc_column_text css_animation=&#8221;none&#8221;]If you have decided to come in your vehicle, you have several alternatives: \u2013 You can take the picturesque N17, better known as \u201cEstrada da Beira\u201d, towards Lous\u00e3, exiting at the Foz de Arouce branch, about 3 km from the [&hellip;]<\/p>\n","protected":false},"author":1,"featured_media":0,"parent":0,"menu_order":22,"comment_status":"closed","ping_status":"closed","template":"","meta":[],"yoast_head":"<!-- This site is optimized with the Yoast SEO plugin v15.4 - https:\/\/yoast.com\/wordpress\/plugins\/seo\/ -->\n<title>How to get here &mdash; Arouce Hostel<\/title>\n<meta name=\"description\" content=\"O Arouce Hostel tem como objetivo dar alojamento a turistas que at\u00e9 n\u00f3s se deslocam e equipas e seu staff que usam a Serra da Lous\u00e3 para praticarem desporto.\" \/>\n<meta name=\"robots\" content=\"index, follow, max-snippet:-1, max-image-preview:large, max-video-preview:-1\" \/>\n<link rel=\"canonical\" href=\"https:\/\/aroucehostel.pt\/en\/how-to-get-here\/\" \/>\n<meta property=\"og:locale\" content=\"en_US\" \/>\n<meta property=\"og:type\" content=\"article\" \/>\n<meta property=\"og:title\" content=\"How to get here &mdash; Arouce Hostel\" \/>\n<meta property=\"og:description\" content=\"O Arouce Hostel tem como objetivo dar alojamento a turistas que at\u00e9 n\u00f3s se deslocam e equipas e seu staff que usam a Serra da Lous\u00e3 para praticarem desporto.\" \/>\n<meta property=\"og:url\" content=\"https:\/\/aroucehostel.pt\/en\/how-to-get-here\/\" \/>\n<meta property=\"og:site_name\" content=\"Arouce Hostel\" \/>\n<meta property=\"article:modified_time\" content=\"2021-12-30T16:30:35+00:00\" \/>\n<meta property=\"og:image\" content=\"https:\/\/aroucehostel.pt\/wp-content\/uploads\/2020\/09\/opengraph-image.jpg\" \/>\n\t<meta property=\"og:image:width\" content=\"1200\" \/>\n\t<meta property=\"og:image:height\" content=\"630\" \/>\n<meta name=\"twitter:card\" content=\"summary_large_image\" \/>\n<meta name=\"twitter:label1\" content=\"Written by\">\n\t<meta name=\"twitter:data1\" content=\"gowebagency\">\n\t<meta name=\"twitter:label2\" content=\"Est. reading time\">\n\t<meta name=\"twitter:data2\" content=\"2 minutes\">\n<script type=\"application\/ld+json\" class=\"yoast-schema-graph\">{\"@context\":\"https:\/\/schema.org\",\"@graph\":[{\"@type\":\"Organization\",\"@id\":\"https:\/\/aroucehostel.pt\/#organization\",\"name\":\"Arouce Hostel\",\"url\":\"https:\/\/aroucehostel.pt\/\",\"sameAs\":[],\"logo\":{\"@type\":\"ImageObject\",\"@id\":\"https:\/\/aroucehostel.pt\/#logo\",\"inLanguage\":\"en-US\",\"url\":\"https:\/\/aroucehostel.pt\/wp-content\/uploads\/2020\/07\/arouce-hostel-logo-cores.png\",\"width\":842,\"height\":595,\"caption\":\"Arouce Hostel\"},\"image\":{\"@id\":\"https:\/\/aroucehostel.pt\/#logo\"}},{\"@type\":\"WebSite\",\"@id\":\"https:\/\/aroucehostel.pt\/#website\",\"url\":\"https:\/\/aroucehostel.pt\/\",\"name\":\"Arouce Hostel\",\"description\":\"\",\"publisher\":{\"@id\":\"https:\/\/aroucehostel.pt\/#organization\"},\"potentialAction\":[{\"@type\":\"SearchAction\",\"target\":\"https:\/\/aroucehostel.pt\/?s={search_term_string}\",\"query-input\":\"required name=search_term_string\"}],\"inLanguage\":\"en-US\"},{\"@type\":\"WebPage\",\"@id\":\"https:\/\/aroucehostel.pt\/en\/how-to-get-here\/#webpage\",\"url\":\"https:\/\/aroucehostel.pt\/en\/how-to-get-here\/\",\"name\":\"How to get here &mdash; Arouce Hostel\",\"isPartOf\":{\"@id\":\"https:\/\/aroucehostel.pt\/#website\"},\"datePublished\":\"2021-12-29T17:01:17+00:00\",\"dateModified\":\"2021-12-30T16:30:35+00:00\",\"description\":\"O Arouce Hostel tem como objetivo dar alojamento a turistas que at\\u00e9 n\\u00f3s se deslocam e equipas e seu staff que usam a Serra da Lous\\u00e3 para praticarem desporto.\",\"inLanguage\":\"en-US\",\"potentialAction\":[{\"@type\":\"ReadAction\",\"target\":[\"https:\/\/aroucehostel.pt\/en\/how-to-get-here\/\"]}]}]}<\/script>\n<!-- \/ Yoast SEO plugin. -->","_links":{"self":[{"href":"https:\/\/aroucehostel.pt\/en\/wp-json\/wp\/v2\/pages\/2375"}],"collection":[{"href":"https:\/\/aroucehostel.pt\/en\/wp-json\/wp\/v2\/pages"}],"about":[{"href":"https:\/\/aroucehostel.pt\/en\/wp-json\/wp\/v2\/types\/page"}],"author":[{"embeddable":true,"href":"https:\/\/aroucehostel.pt\/en\/wp-json\/wp\/v2\/users\/1"}],"replies":[{"embeddable":true,"href":"https:\/\/aroucehostel.pt\/en\/wp-json\/wp\/v2\/comments?post=2375"}],"version-history":[{"count":5,"href":"https:\/\/aroucehostel.pt\/en\/wp-json\/wp\/v2\/pages\/2375\/revisions"}],"predecessor-version":[{"id":2523,"href":"https:\/\/aroucehostel.pt\/en\/wp-json\/wp\/v2\/pages\/2375\/revisions\/2523"}],"wp:attachment":[{"href":"https:\/\/aroucehostel.pt\/en\/wp-json\/wp\/v2\/media?parent=2375"}],"curies":[{"name":"wp","href":"https:\/\/api.w.org\/{rel}","templated":true}]}}