{"id":2367,"date":"2021-12-29T17:00:40","date_gmt":"2021-12-29T17:00:40","guid":{"rendered":"https:\/\/aroucehostel.pt\/history-of-the-house\/"},"modified":"2023-07-30T22:14:45","modified_gmt":"2023-07-30T22:14:45","slug":"history-of-the-house","status":"publish","type":"page","link":"https:\/\/aroucehostel.pt\/en\/history-of-the-house\/","title":{"rendered":"History of the House"},"content":{"rendered":"<p>[vc_row][vc_column][stm_spacer height=&#8221;40&#8243; height_tablet=&#8221;30&#8243; height_mobile=&#8221;20&#8243;][\/vc_column][\/vc_row][vc_row equal_height=&#8221;yes&#8221; content_placement=&#8221;middle&#8221; shadow_x_offset=&#8221;0&#8243; shadow_y_offset=&#8221;0&#8243; shadow_blur=&#8221;0&#8243; shadow_spread=&#8221;0&#8243;][vc_column width=&#8221;1\/3&#8243;][vc_custom_heading text=&#8221;The history<br \/>\nof the house<br \/>\nis short.&#8221; font_container=&#8221;tag:h2|font_size:40px|text_align:center|line_height:47px&#8221; use_theme_fonts=&#8221;yes&#8221; css_animation=&#8221;fadeInLeft&#8221;][\/vc_column][vc_column css_animation=&#8221;fadeInRight&#8221; width=&#8221;2\/3&#8243; shadow_x_offset=&#8221;0&#8243; shadow_y_offset=&#8221;0&#8243; shadow_blur=&#8221;0&#8243; shadow_spread=&#8221;0&#8243;][vc_column_text css_animation=&#8221;none&#8221;]It was built as a family house in a location with a fantastic view over <strong>Serra da Lous\u00e3\u00a0<\/strong>and the valley along the Ceira River.\u00a0It was born from the desire of the owners to have a place to live and rest in their years of retirement, being able to enjoy a unique view over\u00a0<strong>Serra da Lous\u00e3.<\/strong>[\/vc_column_text][vc_column_text css_animation=&#8221;none&#8221;]It was in this house that the current owner, descendant of the previous ones, lived his youth.[\/vc_column_text][vc_column_text css_animation=&#8221;none&#8221;]As the house is vacant and has space, location, and characteristics suitable for the installation of guests, it provided the adventure of rebuilding and adapting the space to the function of accommodation.[\/vc_column_text][vc_column_text css_animation=&#8221;none&#8221;]The idea was to differentiate the existing offer in the area with a different concept of hotel or local accommodation.[\/vc_column_text][\/vc_column][\/vc_row][vc_row][vc_column][stm_spacer height=&#8221;40&#8243; height_tablet=&#8221;30&#8243; height_mobile=&#8221;20&#8243;][\/vc_column][\/vc_row][vc_row][vc_column width=&#8221;1\/2&#8243;][vc_single_image image=&#8221;3561&#8243; img_size=&#8221;full&#8221; alignment=&#8221;center&#8221; onclick=&#8221;link_image&#8221; css_animation=&#8221;fadeIn&#8221;][stm_spacer height=&#8221;40&#8243; height_tablet=&#8221;20&#8243; height_mobile=&#8221;10&#8243;][\/vc_column][vc_column width=&#8221;1\/2&#8243;][vc_single_image image=&#8221;3519&#8243; img_size=&#8221;full&#8221; alignment=&#8221;center&#8221; onclick=&#8221;link_image&#8221; css_animation=&#8221;fadeIn&#8221;][stm_spacer height=&#8221;40&#8243; height_tablet=&#8221;20&#8243; height_mobile=&#8221;10&#8243;][\/vc_column][\/vc_row][vc_row equal_height=&#8221;yes&#8221; content_placement=&#8221;middle&#8221; shadow_x_offset=&#8221;0&#8243; shadow_y_offset=&#8221;0&#8243; shadow_blur=&#8221;0&#8243; shadow_spread=&#8221;0&#8243;][vc_column shadow_x_offset=&#8221;0&#8243; shadow_y_offset=&#8221;0&#8243; shadow_blur=&#8221;0&#8243; shadow_spread=&#8221;0&#8243;][vc_column_text css_animation=&#8221;fadeInUp&#8221;]Thus,\u00a0<strong>Arouce Hostel was created\u00a0<\/strong>with the objective of providing accommodation to tourists and, in particular, to teams and their staff who use\u00a0<strong>Serra da Lous\u00e3\u00a0<\/strong>to practice sport.[\/vc_column_text][vc_column_text css_animation=&#8221;fadeInUp&#8221;]<strong>Arouce Hostel\u00a0<\/strong>has 5 rooms with private bathrooms, TV, air conditioning and a balcony. On the ground floor there is 1 bedroom with 4 bunk beds and 1 bedroom with 6 bunk beds, with shower\/WC, kitchen available for guests and a dining room. In the basement there is another bedroom with 6 bunk beds, a shower\/WC and a living area. This makes a total of 42 overnight stays.<strong>\u00a0<\/strong>[\/vc_column_text][vc_column_text css_animation=&#8221;fadeInUp&#8221;]The hostel has private parking for buses and light vehicles.\u00a0For guests who practice sports such as mountain biking or endurance, they will have an area to store their motorcycles or bicycles.\u00a0In addition, they will be able to wash\/maintenance this equipment in a space prepared for this purpose.[\/vc_column_text][\/vc_column][\/vc_row][vc_row][vc_column][stm_spacer height=&#8221;40&#8243; height_tablet=&#8221;50&#8243; height_mobile=&#8221;30&#8243;][\/vc_column][\/vc_row][vc_row][vc_column width=&#8221;1\/2&#8243;][vc_single_image image=&#8221;3523&#8243; img_size=&#8221;full&#8221; alignment=&#8221;center&#8221; onclick=&#8221;link_image&#8221; css_animation=&#8221;fadeIn&#8221;][stm_spacer height=&#8221;40&#8243; height_tablet=&#8221;20&#8243; height_mobile=&#8221;10&#8243;][\/vc_column][vc_column width=&#8221;1\/2&#8243;][vc_single_image image=&#8221;3564&#8243; img_size=&#8221;full&#8221; alignment=&#8221;center&#8221; onclick=&#8221;link_image&#8221; css_animation=&#8221;fadeIn&#8221;][stm_spacer height=&#8221;40&#8243; height_tablet=&#8221;20&#8243; height_mobile=&#8221;10&#8243;][\/vc_column][\/vc_row][vc_row shadow_x_offset=&#8221;0&#8243; shadow_y_offset=&#8221;0&#8243; shadow_blur=&#8221;0&#8243; shadow_spread=&#8221;0&#8243;][vc_column css_animation=&#8221;fadeInLeft&#8221; width=&#8221;2\/3&#8243; shadow_x_offset=&#8221;0&#8243; shadow_y_offset=&#8221;0&#8243; shadow_blur=&#8221;0&#8243; shadow_spread=&#8221;0&#8243;][vc_column_text css_animation=&#8221;none&#8221;]<strong>Lous\u00e3<\/strong>\u00a0has excellent conditions for the practice of various sports.[\/vc_column_text][vc_column_text css_animation=&#8221;none&#8221;]<strong>Serra da Lous\u00e3<\/strong>\u00a0is host to international events such as:<\/p>\n<ul>\n<li>Rally de Portugal (once one of the best stages),<\/li>\n<li>Trail World Championships \u2013 Trail World Championships,<\/li>\n<li>BTT Cross Country (XC), Downhill (DH) and Enduro (EN), would integrate this year (2020) the Salomon GoldenTrail Series international circuit.<\/li>\n<li>National enduro championship, the National Enduro CFL,<\/li>\n<li>Hiking along the mountain trails, prepared and organized to better enjoy nature, where you can find wild boar, deer, corsa,\u2026<\/li>\n<li>Jeep and paragliding tours are also organized.<\/li>\n<\/ul>\n<p>[\/vc_column_text][\/vc_column][vc_column width=&#8221;1\/3&#8243;][vc_single_image image=&#8221;2229&#8243; img_size=&#8221;full&#8221; alignment=&#8221;center&#8221; onclick=&#8221;link_image&#8221; css_animation=&#8221;fadeInRight&#8221;][stm_spacer height=&#8221;40&#8243; height_tablet=&#8221;20&#8243; height_mobile=&#8221;10&#8243;][\/vc_column][\/vc_row][vc_row][vc_column width=&#8221;1\/2&#8243;][vc_single_image image=&#8221;2233&#8243; img_size=&#8221;full&#8221; alignment=&#8221;center&#8221; onclick=&#8221;link_image&#8221; css_animation=&#8221;fadeIn&#8221;][stm_spacer height=&#8221;40&#8243; height_tablet=&#8221;20&#8243; height_mobile=&#8221;10&#8243;][\/vc_column][vc_column width=&#8221;1\/2&#8243;][vc_single_image image=&#8221;2234&#8243; img_size=&#8221;full&#8221; alignment=&#8221;center&#8221; onclick=&#8221;link_image&#8221; css_animation=&#8221;fadeIn&#8221;][stm_spacer height=&#8221;40&#8243; height_tablet=&#8221;20&#8243; height_mobile=&#8221;10&#8243;][\/vc_column][\/vc_row][vc_row equal_height=&#8221;yes&#8221; content_placement=&#8221;middle&#8221; shadow_x_offset=&#8221;0&#8243; shadow_y_offset=&#8221;0&#8243; shadow_blur=&#8221;0&#8243; shadow_spread=&#8221;0&#8243;][vc_column width=&#8221;1\/3&#8243;][vc_custom_heading text=&#8221;But<br \/>\nLous\u00e3<br \/>\nhas more.&#8221; font_container=&#8221;tag:h2|font_size:40px|text_align:center|line_height:47px&#8221; use_theme_fonts=&#8221;yes&#8221; css_animation=&#8221;fadeInLeft&#8221;][\/vc_column][vc_column width=&#8221;2\/3&#8243;][vc_column_text css_animation=&#8221;fadeInRight&#8221;]It has the\u00a0<strong>Lous\u00e3 Rugby Club\u00a0<\/strong>with participation in international competitions, it has the international championship of Volleyball Summer Cup Volleyball, it has an Olympic swimming athlete, among athletes with national titles and records, it has chess, titles in the national and world championship of Checkers, Basketball, international dance titles and more\u2026[\/vc_column_text][\/vc_column][\/vc_row][vc_row][vc_column][stm_spacer height=&#8221;40&#8243; height_tablet=&#8221;20&#8243; height_mobile=&#8221;10&#8243;][stm_spacer height=&#8221;40&#8243; height_tablet=&#8221;40&#8243; height_mobile=&#8221;30&#8243;][\/vc_column][\/vc_row][vc_row full_width=&#8221;stretch_row&#8221; css_animation=&#8221;fadeInUp&#8221; stm_parallax=&#8221;enable&#8221; shadow_x_offset=&#8221;0&#8243; shadow_y_offset=&#8221;0&#8243; shadow_blur=&#8221;0&#8243; shadow_spread=&#8221;0&#8243; shadow_color=&#8221;&#8221; css=&#8221;.vc_custom_1593689102007{margin-bottom: -60px !important;background-image: url(https:\/\/aroucehostel.pt\/wp-content\/uploads\/2020\/07\/arouce-hostel-banner-cta-fundo-historia-da-casa.jpg?id=1431) !important;}&#8221;][vc_column css_animation=&#8221;none&#8221; shadow_x_offset=&#8221;0&#8243; shadow_y_offset=&#8221;0&#8243; shadow_blur=&#8221;0&#8243; shadow_spread=&#8221;0&#8243; shadow_color=&#8221;&#8221; offset=&#8221;vc_col-lg-offset-2 vc_col-lg-8 vc_col-md-offset-2 vc_col-md-8 vc_col-xs-12&#8243;][stm_spacer height=&#8221;180&#8243; height_tablet=&#8221;120&#8243; height_mobile=&#8221;70&#8243;][vc_custom_heading text=&#8221;Get to know the region!&#8221; font_container=&#8221;tag:h3|font_size:72|text_align:center|color:%23ffffff|line_height:80px&#8221; use_theme_fonts=&#8221;yes&#8221; css=&#8221;.vc_custom_1593689516514{margin-bottom: 30px !important;}&#8221;][vc_btn title=&#8221;Learn More&#8221; shape=&#8221;square&#8221; align=&#8221;center&#8221; link=&#8221;url:https%3A%2F%2Faroucehostel.pt%2Fen%2Fhistory-of-the-region%2F|title:History%20of%20the%20Region|&#8221;][stm_spacer height=&#8221;160&#8243; height_tablet=&#8221;130&#8243; height_mobile=&#8221;70&#8243;][\/vc_column][\/vc_row]<\/p>\n","protected":false},"excerpt":{"rendered":"<p>[vc_row][vc_column][stm_spacer height=&#8221;40&#8243; height_tablet=&#8221;30&#8243; height_mobile=&#8221;20&#8243;][\/vc_column][\/vc_row][vc_row equal_height=&#8221;yes&#8221; content_placement=&#8221;middle&#8221; shadow_x_offset=&#8221;0&#8243; shadow_y_offset=&#8221;0&#8243; shadow_blur=&#8221;0&#8243; shadow_spread=&#8221;0&#8243;][vc_column width=&#8221;1\/3&#8243;][vc_custom_heading text=&#8221;The history of the house is short.&#8221; font_container=&#8221;tag:h2|font_size:40px|text_align:center|line_height:47px&#8221; use_theme_fonts=&#8221;yes&#8221; css_animation=&#8221;fadeInLeft&#8221;][\/vc_column][vc_column css_animation=&#8221;fadeInRight&#8221; width=&#8221;2\/3&#8243; shadow_x_offset=&#8221;0&#8243; shadow_y_offset=&#8221;0&#8243; shadow_blur=&#8221;0&#8243; shadow_spread=&#8221;0&#8243;][vc_column_text css_animation=&#8221;none&#8221;]It was built as a family house in a location with a fantastic view over Serra da Lous\u00e3\u00a0and the valley along the Ceira River.\u00a0It was born from the [&hellip;]<\/p>\n","protected":false},"author":1,"featured_media":0,"parent":0,"menu_order":20,"comment_status":"closed","ping_status":"closed","template":"","meta":[],"yoast_head":"<!-- This site is optimized with the Yoast SEO plugin v15.4 - https:\/\/yoast.com\/wordpress\/plugins\/seo\/ -->\n<title>History of the House &mdash; Arouce Hostel<\/title>\n<meta name=\"description\" content=\"O Arouce Hostel tem como objetivo dar alojamento a turistas que at\u00e9 n\u00f3s se deslocam e equipas e seu staff que usam a Serra da Lous\u00e3 para praticarem desporto.\" \/>\n<meta name=\"robots\" content=\"index, follow, max-snippet:-1, max-image-preview:large, max-video-preview:-1\" \/>\n<link rel=\"canonical\" href=\"https:\/\/aroucehostel.pt\/en\/history-of-the-house\/\" \/>\n<meta property=\"og:locale\" content=\"en_US\" \/>\n<meta property=\"og:type\" content=\"article\" \/>\n<meta property=\"og:title\" content=\"History of the House &mdash; Arouce Hostel\" \/>\n<meta property=\"og:description\" content=\"O Arouce Hostel tem como objetivo dar alojamento a turistas que at\u00e9 n\u00f3s se deslocam e equipas e seu staff que usam a Serra da Lous\u00e3 para praticarem desporto.\" \/>\n<meta property=\"og:url\" content=\"https:\/\/aroucehostel.pt\/en\/history-of-the-house\/\" \/>\n<meta property=\"og:site_name\" content=\"Arouce Hostel\" \/>\n<meta property=\"article:modified_time\" content=\"2023-07-30T22:14:45+00:00\" \/>\n<meta property=\"og:image\" content=\"https:\/\/aroucehostel.pt\/wp-content\/uploads\/2020\/09\/opengraph-image.jpg\" \/>\n\t<meta property=\"og:image:width\" content=\"1200\" \/>\n\t<meta property=\"og:image:height\" content=\"630\" \/>\n<meta name=\"twitter:card\" content=\"summary_large_image\" \/>\n<meta name=\"twitter:label1\" content=\"Written by\">\n\t<meta name=\"twitter:data1\" content=\"gowebagency\">\n\t<meta name=\"twitter:label2\" content=\"Est. reading time\">\n\t<meta name=\"twitter:data2\" content=\"4 minutes\">\n<script type=\"application\/ld+json\" class=\"yoast-schema-graph\">{\"@context\":\"https:\/\/schema.org\",\"@graph\":[{\"@type\":\"Organization\",\"@id\":\"https:\/\/aroucehostel.pt\/#organization\",\"name\":\"Arouce Hostel\",\"url\":\"https:\/\/aroucehostel.pt\/\",\"sameAs\":[],\"logo\":{\"@type\":\"ImageObject\",\"@id\":\"https:\/\/aroucehostel.pt\/#logo\",\"inLanguage\":\"en-US\",\"url\":\"https:\/\/aroucehostel.pt\/wp-content\/uploads\/2020\/07\/arouce-hostel-logo-cores.png\",\"width\":842,\"height\":595,\"caption\":\"Arouce Hostel\"},\"image\":{\"@id\":\"https:\/\/aroucehostel.pt\/#logo\"}},{\"@type\":\"WebSite\",\"@id\":\"https:\/\/aroucehostel.pt\/#website\",\"url\":\"https:\/\/aroucehostel.pt\/\",\"name\":\"Arouce Hostel\",\"description\":\"\",\"publisher\":{\"@id\":\"https:\/\/aroucehostel.pt\/#organization\"},\"potentialAction\":[{\"@type\":\"SearchAction\",\"target\":\"https:\/\/aroucehostel.pt\/?s={search_term_string}\",\"query-input\":\"required name=search_term_string\"}],\"inLanguage\":\"en-US\"},{\"@type\":\"WebPage\",\"@id\":\"https:\/\/aroucehostel.pt\/en\/history-of-the-house\/#webpage\",\"url\":\"https:\/\/aroucehostel.pt\/en\/history-of-the-house\/\",\"name\":\"History of the House &mdash; Arouce Hostel\",\"isPartOf\":{\"@id\":\"https:\/\/aroucehostel.pt\/#website\"},\"datePublished\":\"2021-12-29T17:00:40+00:00\",\"dateModified\":\"2023-07-30T22:14:45+00:00\",\"description\":\"O Arouce Hostel tem como objetivo dar alojamento a turistas que at\\u00e9 n\\u00f3s se deslocam e equipas e seu staff que usam a Serra da Lous\\u00e3 para praticarem desporto.\",\"inLanguage\":\"en-US\",\"potentialAction\":[{\"@type\":\"ReadAction\",\"target\":[\"https:\/\/aroucehostel.pt\/en\/history-of-the-house\/\"]}]}]}<\/script>\n<!-- \/ Yoast SEO plugin. -->","_links":{"self":[{"href":"https:\/\/aroucehostel.pt\/en\/wp-json\/wp\/v2\/pages\/2367"}],"collection":[{"href":"https:\/\/aroucehostel.pt\/en\/wp-json\/wp\/v2\/pages"}],"about":[{"href":"https:\/\/aroucehostel.pt\/en\/wp-json\/wp\/v2\/types\/page"}],"author":[{"embeddable":true,"href":"https:\/\/aroucehostel.pt\/en\/wp-json\/wp\/v2\/users\/1"}],"replies":[{"embeddable":true,"href":"https:\/\/aroucehostel.pt\/en\/wp-json\/wp\/v2\/comments?post=2367"}],"version-history":[{"count":17,"href":"https:\/\/aroucehostel.pt\/en\/wp-json\/wp\/v2\/pages\/2367\/revisions"}],"predecessor-version":[{"id":3576,"href":"https:\/\/aroucehostel.pt\/en\/wp-json\/wp\/v2\/pages\/2367\/revisions\/3576"}],"wp:attachment":[{"href":"https:\/\/aroucehostel.pt\/en\/wp-json\/wp\/v2\/media?parent=2367"}],"curies":[{"name":"wp","href":"https:\/\/api.w.org\/{rel}","templated":true}]}}